{"id":874,"date":"2025-09-03T18:47:45","date_gmt":"2025-09-03T10:47:45","guid":{"rendered":"https:\/\/www.shendadi.com\/?page_id=874"},"modified":"2025-10-12T21:37:12","modified_gmt":"2025-10-12T13:37:12","slug":"%e4%b8%81%e4%b8%81%e4%b8%aa%e4%ba%ba%e4%bf%a1%e6%81%af","status":"publish","type":"page","link":"https:\/\/www.shendadi.com\/?page_id=874","title":{"rendered":"\u4e01\u4e01\u4e2a\u4eba\u4fe1\u606f\uff08\u6709\u7167\u7247\u4f46\u5982\u6709\uff09"},"content":{"rendered":"\t\t<div data-elementor-type=\"wp-page\" data-elementor-id=\"874\" class=\"elementor elementor-874\">\n\t\t\t\t<div class=\"elementor-element elementor-element-8b4df67 e-con-full e-flex e-con e-parent\" data-id=\"8b4df67\" data-element_type=\"container\">\n\t\t<div class=\"elementor-element elementor-element-d66e336 e-flex e-con-boxed e-con e-child\" data-id=\"d66e336\" data-element_type=\"container\">\n\t\t\t\t\t<div class=\"e-con-inner\">\n\t\t\t\t<div class=\"elementor-element elementor-element-16fec9e elementor-widget elementor-widget-image\" data-id=\"16fec9e\" data-element_type=\"widget\" data-widget_type=\"image.default\">\n\t\t\t\t<div class=\"elementor-widget-container\">\n\t\t\t\t\t\t\t\t\t\t\t\t\t\t\t<img fetchpriority=\"high\" decoding=\"async\" width=\"800\" height=\"800\" src=\"https:\/\/www.shendadi.com\/wp-content\/uploads\/2025\/07\/\u5fae\u4fe1\u56fe\u7247_20250105095023.jpg\" class=\"attachment-large size-large wp-image-573\" alt=\"\" srcset=\"https:\/\/www.shendadi.com\/wp-content\/uploads\/2025\/07\/\u5fae\u4fe1\u56fe\u7247_20250105095023.jpg 946w, https:\/\/www.shendadi.com\/wp-content\/uploads\/2025\/07\/\u5fae\u4fe1\u56fe\u7247_20250105095023-300x300.jpg 300w, https:\/\/www.shendadi.com\/wp-content\/uploads\/2025\/07\/\u5fae\u4fe1\u56fe\u7247_20250105095023-150x150.jpg 150w, https:\/\/www.shendadi.com\/wp-content\/uploads\/2025\/07\/\u5fae\u4fe1\u56fe\u7247_20250105095023-768x768.jpg 768w, https:\/\/www.shendadi.com\/wp-content\/uploads\/2025\/07\/\u5fae\u4fe1\u56fe\u7247_20250105095023-100x100.jpg 100w, https:\/\/www.shendadi.com\/wp-content\/uploads\/2025\/07\/\u5fae\u4fe1\u56fe\u7247_20250105095023-200x200.jpg 200w, https:\/\/www.shendadi.com\/wp-content\/uploads\/2025\/07\/\u5fae\u4fe1\u56fe\u7247_20250105095023-400x400.jpg 400w, https:\/\/www.shendadi.com\/wp-content\/uploads\/2025\/07\/\u5fae\u4fe1\u56fe\u7247_20250105095023-500x500.jpg 500w\" sizes=\"(max-width: 800px) 100vw, 800px\" \/>\t\t\t\t\t\t\t\t\t\t\t\t\t\t\t<\/div>\n\t\t\t\t<\/div>\n\t\t\t\t<div class=\"elementor-element elementor-element-8db12a2 elementor-widget elementor-widget-text-editor\" data-id=\"8db12a2\" data-element_type=\"widget\" data-widget_type=\"text-editor.default\">\n\t\t\t\t<div class=\"elementor-widget-container\">\n\t\t\t\t\t\t\t\t\t<h2 style=\"text-align: left;\">\u4e01\u4e01\u5f8b\u5e08\u00a0 \u00a0<\/h2>\t\t\t\t\t\t\t\t<\/div>\n\t\t\t\t<\/div>\n\t\t\t\t<div class=\"elementor-element elementor-element-26782e9 elementor-widget elementor-widget-text-editor\" data-id=\"26782e9\" data-element_type=\"widget\" data-widget_type=\"text-editor.default\">\n\t\t\t\t<div class=\"elementor-widget-container\">\n\t\t\t\t\t\t\t\t\t<p class=\"MsoNormal\"><b><span style=\"font-family: &quot;Times New Roman&quot;; font-size: 14pt;\">Lu\u1eadt s\u01b0 chuy\u00ean tr\u00e1ch \u2013 C\u00f4ng ty Lu\u1eadt Shendadi<\/span><\/b><b><span style=\"font-family: \u4eff\u5b8b; font-size: 14pt;\">&nbsp;<font face=\"Times New Roman\">(<\/font><\/span><\/b><b><span style=\"font-family: &quot;Times New Roman&quot;; font-size: 14pt;\">Th\u00e2m \u0110\u1ea1i \u0110\u1ecba<\/span><\/b><b><span style=\"font-family: \u4eff\u5b8b; font-size: 14pt;\"><font face=\"Times New Roman\">)<\/font><\/span><\/b><b><span style=\"font-family: &quot;Times New Roman&quot;; font-size: 14pt;\">&nbsp;<\/span><\/b><span style=\"mso-spacerun:'yes';font-family:'Times New Roman';mso-fareast-font-family:\u4eff\u5b8b;\nfont-size:14.0000pt;mso-font-kerning:1.0000pt;\"><o:p><\/o:p><\/span><\/p>\t\t\t\t\t\t\t\t<\/div>\n\t\t\t\t<\/div>\n\t\t\t\t<div class=\"elementor-element elementor-element-cdaa1a5 elementor-widget elementor-widget-text-editor\" data-id=\"cdaa1a5\" data-element_type=\"widget\" data-widget_type=\"text-editor.default\">\n\t\t\t\t<div class=\"elementor-widget-container\">\n\t\t\t\t\t\t\t\t\t<p class=\"MsoNormal\"><strong><span style=\"mso-spacerun: 'yes'; font-family: \u4eff\u5b8b; mso-bidi-font-family: 'Times New Roman'; font-size: 14.0000pt; mso-font-kerning: 1.0000pt;\">\u5e7f\u4e1c\u6df1\u5927\u5730\u5f8b\u5e08\u4e8b\u52a1\u6240\u4e13\u804c\u5f8b\u5e08<\/span><\/strong><\/p>\t\t\t\t\t\t\t\t<\/div>\n\t\t\t\t<\/div>\n\t\t\t\t<div class=\"elementor-element elementor-element-4648130 elementor-widget__width-initial elementor-widget elementor-widget-text-editor\" data-id=\"4648130\" data-element_type=\"widget\" data-widget_type=\"text-editor.default\">\n\t\t\t\t<div class=\"elementor-widget-container\">\n\t\t\t\t\t\t\t\t\t<p>\u6bd5\u4e1a\u4e8e\u4e0a\u6d77\u4ea4\u901a\u5927\u5b66\uff0c\u5e7f\u4e1c\u6df1\u5927\u5730\u5f8b\u5e08\u4e8b\u52a1\u6240\u4e13\u804c\u5f8b\u5e08\uff0c\u4e00\u76f4\u6d3b\u8dc3\u5728\u4e2d\u8d8a\u5546\u52a1\u5408\u4f5c\u524d\u6cbf\u3002\u5728\u6295\u8d44\u9886\u57df\uff0c\u4ed6\u8010\u5fc3\u5730\u5e2e\u8bb8\u591a\u4e2d\u56fd\u4f01\u4e1a\u4e86\u89e3\u8d8a\u5357\u5e02\u573a\uff0c\u4ece\u6700\u521d\u7684\u8c03\u7814\u3001\u98ce\u9669\u628a\u63a7\uff0c\u5230\u5408\u540c\u7ec6\u8282\u6253\u78e8\u3001\u843d\u5730\u624b\u7eed\u529e\u7406\uff0c\u4e00\u6b65\u6b65\u966a\u7740\u4f01\u4e1a\u8d70\u3002\u5230\u73b0\u5728\uff0c\u5df2\u7ecf\u52a9\u529b\u591a\u5bb6\u4f01\u4e1a\u5728\u8d8a\u5357\u7ad9\u7a33\u811a\u8ddf\uff0c\u5e2e\u4f01\u4e1a\u63d0\u524d\u907f\u5f00\u7684\u6f5c\u5728\u98ce\u9669\u3002<\/p><p>\u00a0\u4e01\u4e01\u5148\u751f\u5bf9\u8d8a\u5357\u76f8\u5173\u6cd5\u89c4\u5403\u5f97\u5f88\u900f\u3002\u4ed6\u670d\u52a1\u8fc7\u5236\u9020\u4e1a\u3001\u8d38\u6613\u3001\u7535\u5546\u7b49\u4e0d\u5c11\u884c\u4e1a\u7684\u5ba2\u6237\uff0c\u505a\u4e8b\u9760\u8c31\u3001\u4e13\u4e1a\u8fc7\u786c\uff0c\u5927\u5bb6\u53cd\u9988\u90fd\u4e0d\u9519\u3002\u8981\u662f\u60a8\u6709\u4e2d\u8d8a\u5546\u52a1\u5408\u4f5c\u65b9\u9762\u7684\u6cd5\u5f8b\u9700\u6c42\uff0c\u76f8\u4fe1\u4e01\u4e01\u5148\u751f\u80fd\u5b9e\u5b9e\u5728\u5728\u5e2e\u4e0a\u8d8a\u5357\u80e1\u5fd7\u660e.<\/p>\t\t\t\t\t\t\t\t<\/div>\n\t\t\t\t<\/div>\n\t\t\t\t<div class=\"elementor-element elementor-element-b931164 elementor-widget__width-initial elementor-widget elementor-widget-text-editor\" data-id=\"b931164\" data-element_type=\"widget\" data-widget_type=\"text-editor.default\">\n\t\t\t\t<div class=\"elementor-widget-container\">\n\t\t\t\t\t\t\t\t\t<p><strong><span style=\"mso-spacerun: 'yes'; font-family: 'Times New Roman'; mso-fareast-font-family: \u4eff\u5b8b; font-size: 14.0000pt; mso-font-kerning: 1.0000pt;\">T\u1ed1t nghi\u1ec7p \u0110\u1ea1i h\u1ecdc Giao th\u00f4ng Th\u01b0\u1ee3ng H\u1ea3i, hi\u1ec7n l\u00e0 lu\u1eadt s\u01b0 chuy\u00ean tr\u00e1ch t\u1ea1i <\/span><span style=\"font-family: 'Times New Roman'; font-size: 14pt;\">\u2013 C\u00f4ng ty Lu\u1eadt Shendadi<\/span><span style=\"font-family: \u4eff\u5b8b; font-size: 14pt;\">\u00a0<span style=\"font-family: Times New Roman;\">(<\/span><\/span><span style=\"font-family: 'Times New Roman'; font-size: 14pt;\">Th\u00e2m \u0110\u1ea1i \u0110\u1ecba<\/span><span style=\"font-family: \u4eff\u5b8b; font-size: 14pt;\"><span style=\"font-family: Times New Roman;\">)<\/span><\/span><span style=\"font-family: 'Times New Roman'; font-size: 14pt;\">\u00a0(Trung Qu\u1ed1c)<\/span><span style=\"mso-spacerun: 'yes'; font-family: 'Times New Roman'; mso-fareast-font-family: \u4eff\u5b8b; font-size: 14.0000pt; mso-font-kerning: 1.0000pt;\">, \u0111\u1ed3ng th\u1eddi l\u00e0 th\u00e0nh vi\u00ean n\u00f2ng c\u1ed1t trong \u0111\u1ed9i ng\u0169 ph\u00e1p l\u00fd c\u1ee7a <\/span><span style=\"font-family: 'Times New Roman'; font-size: 14pt;\">C\u00f4ng ty Lu\u1eadt \u0110\u1ea1i \u0110\u1ecba Vi\u1ec7t Nam<\/span><span style=\"mso-spacerun: 'yes'; font-family: 'Times New Roman'; mso-fareast-font-family: \u4eff\u5b8b; font-size: 14.0000pt; mso-font-kerning: 1.0000pt;\">.<\/span><\/strong><\/p><p><strong><span style=\"mso-spacerun: 'yes'; font-family: 'Times New Roman'; mso-fareast-font-family: \u4eff\u5b8b; font-size: 14.0000pt; mso-font-kerning: 1.0000pt;\">Lu\u1eadt s\u01b0 \u0110inh \u0110inh l\u00e0 m\u1ed9t trong nh\u1eefng chuy\u00ean gia ph\u00e1p l\u00fd t\u00edch c\u1ef1c ho\u1ea1t \u0111\u1ed9ng \u1edf tuy\u1ebfn \u0111\u1ea7u c\u1ee7a h\u1ee3p t\u00e1c th\u01b0\u01a1ng m\u1ea1i Trung \u2013 Vi\u1ec7t. Anh \u0111\u00e3 \u0111\u1ed3ng h\u00e0nh c\u00f9ng nhi\u1ec1u doanh nghi\u1ec7p Trung Qu\u1ed1c tr\u00ean h\u00e0nh tr\u00ecnh \u0111\u1ea7u t\u01b0 v\u00e0o Vi\u1ec7t Nam \u2013 t\u1eeb b\u01b0\u1edbc kh\u1ea3o s\u00e1t th\u1ecb tr\u01b0\u1eddng, \u0111\u00e1nh gi\u00e1 r\u1ee7i ro, \u0111\u00e0m ph\u00e1n h\u1ee3p \u0111\u1ed3ng, \u0111\u1ebfn th\u1ef1c hi\u1ec7n th\u1ee7 t\u1ee5c ph\u00e1p l\u00fd \u0111\u1ec3 tri\u1ec3n khai d\u1ef1 \u00e1n t\u1ea1i Vi\u1ec7t Nam. Nh\u1edd s\u1ef1 ki\u00ean tr\u00ec v\u00e0 chuy\u00ean nghi\u1ec7p, anh \u0111\u00e3 gi\u00fap nhi\u1ec1u doanh nghi\u1ec7p v\u1eefng v\u00e0ng thi\u1ebft l\u1eadp ho\u1ea1t \u0111\u1ed9ng t\u1ea1i Vi\u1ec7t Nam, \u0111\u1ed3ng th\u1eddi ph\u00f2ng ng\u1eeba hi\u1ec7u qu\u1ea3 c\u00e1c r\u1ee7i ro ti\u1ec1m \u1ea9n v\u1ec1 ph\u00e1p l\u00fd.<\/span><\/strong><\/p><p><strong><span style=\"mso-spacerun: 'yes'; font-family: 'Times New Roman'; mso-fareast-font-family: \u4eff\u5b8b; font-size: 14.0000pt; mso-font-kerning: 1.0000pt;\">Lu\u1eadt s\u01b0 \u0110inh am hi\u1ec3u s\u00e2u s\u1eafc h\u1ec7 th\u1ed1ng ph\u00e1p lu\u1eadt Vi\u1ec7t Nam v\u00e0 c\u00f3 kinh nghi\u1ec7m \u0111a ng\u00e0nh, \u0111\u1eb7c bi\u1ec7t trong l\u0129nh v\u1ef1c <\/span><span style=\"font-family: 'Times New Roman'; font-size: 14pt;\">s\u1ea3n xu\u1ea5t, th\u01b0\u01a1ng m\u1ea1i v\u00e0 th\u01b0\u01a1ng m\u1ea1i \u0111i\u1ec7n t\u1eed<\/span><span style=\"mso-spacerun: 'yes'; font-family: 'Times New Roman'; mso-fareast-font-family: \u4eff\u5b8b; font-size: 14.0000pt; mso-font-kerning: 1.0000pt;\">. Phong c\u00e1ch l\u00e0m vi\u1ec7c c\u1ee7a anh \u0111\u01b0\u1ee3c \u0111\u00e1nh gi\u00e1 l\u00e0 <\/span><span style=\"font-family: 'Times New Roman'; font-size: 14pt;\">uy t\u00edn, chuy\u00ean nghi\u1ec7p v\u00e0 th\u1ef1c t\u1ebf<\/span><span style=\"mso-spacerun: 'yes'; font-family: 'Times New Roman'; mso-fareast-font-family: \u4eff\u5b8b; font-size: 14.0000pt; mso-font-kerning: 1.0000pt;\">, lu\u00f4n nh\u1eadn \u0111\u01b0\u1ee3c ph\u1ea3n h\u1ed3i t\u00edch c\u1ef1c t\u1eeb ph\u00eda kh\u00e1ch h\u00e0ng.<\/span><\/strong><\/p><p><strong><span style=\"text-align: var(--text-align); font-family: 'Times New Roman'; font-size: 14pt;\">N\u1ebfu b\u1ea1n \u0111ang c\u00f3 nhu c\u1ea7u ph\u00e1p l\u00fd li\u00ean quan \u0111\u1ebfn <\/span><span style=\"font-family: 'Times New Roman'; font-size: 14pt;\">h\u1ee3p t\u00e1c kinh doanh Trung \u2013 Vi\u1ec7t<\/span><span style=\"text-align: var(--text-align); font-family: 'Times New Roman'; font-size: 14pt;\">, lu\u1eadt s\u01b0 \u0110inh \u0110inh s\u1ebd l\u00e0 m\u1ed9t chuy\u00ean gia \u0111\u00e1ng tin c\u1eady, c\u00f3 th\u1ec3 h\u1ed7 tr\u1ee3 hi\u1ec7u qu\u1ea3 v\u00e0 thi\u1ebft th\u1ef1c ngay t\u1ea1i <\/span><span style=\"font-family: 'Times New Roman'; font-size: 14pt;\">TP. H\u1ed3 Ch\u00ed Minh \u2013 Vi\u1ec7t Nam<\/span><span style=\"text-align: var(--text-align); font-family: \u4eff\u5b8b; font-size: 14pt;\">.<\/span><\/strong><\/p>\t\t\t\t\t\t\t\t<\/div>\n\t\t\t\t<\/div>\n\t\t\t\t\t<\/div>\n\t\t\t\t<\/div>\n\t\t\t\t<\/div>\n\t\t<div class=\"elementor-element elementor-element-29f2b43 e-flex e-con-boxed e-con e-parent\" data-id=\"29f2b43\" data-element_type=\"container\">\n\t\t\t\t\t<div class=\"e-con-inner\">\n\t\t\t\t\t<\/div>\n\t\t\t\t<\/div>\n\t\t\t\t<\/div>\n\t\t","protected":false},"excerpt":{"rendered":"<p>\u4e01\u4e01\u5f8b\u5e08\u00a0 \u00a0 Lu\u1eadt s\u01b0 chuy\u00ean tr\u00e1ch \u2013 C\u00f4ng ty Lu\u1eadt Shendadi&#038;nb [&hellip;]<\/p>\n","protected":false},"author":1,"featured_media":0,"parent":41,"menu_order":0,"comment_status":"closed","ping_status":"closed","template":"elementor_header_footer","meta":{"_eb_attr":"","footnotes":""},"class_list":["post-874","page","type-page","status-publish","hentry"],"yoast_head":"<!-- This site is optimized with the Yoast SEO plugin v26.2 - https:\/\/yoast.com\/wordpress\/plugins\/seo\/ -->\n<title>\u4e01\u4e01\u4e2a\u4eba\u4fe1\u606f\uff08\u6709\u7167\u7247\u4f46\u5982\u6709\uff09 - \u8d8a\u5357\u5927\u5730\u5f8b\u5e08\u6709\u9650\u516c\u53f8<\/title>\n<meta name=\"robots\" content=\"index, follow, max-snippet:-1, max-image-preview:large, max-video-preview:-1\" \/>\n<link rel=\"canonical\" href=\"https:\/\/www.shendadi.com\/?page_id=874\" \/>\n<meta property=\"og:locale\" content=\"zh_CN\" \/>\n<meta property=\"og:type\" content=\"article\" \/>\n<meta property=\"og:title\" content=\"\u4e01\u4e01\u4e2a\u4eba\u4fe1\u606f\uff08\u6709\u7167\u7247\u4f46\u5982\u6709\uff09 - \u8d8a\u5357\u5927\u5730\u5f8b\u5e08\u6709\u9650\u516c\u53f8\" \/>\n<meta property=\"og:description\" content=\"\u4e01\u4e01\u5f8b\u5e08\u00a0 \u00a0 Lu\u1eadt s\u01b0 chuy\u00ean tr\u00e1ch \u2013 C\u00f4ng ty Lu\u1eadt Shendadi&amp;nb [&hellip;]\" \/>\n<meta property=\"og:url\" content=\"https:\/\/www.shendadi.com\/?page_id=874\" \/>\n<meta property=\"og:site_name\" content=\"\u8d8a\u5357\u5927\u5730\u5f8b\u5e08\u6709\u9650\u516c\u53f8\" \/>\n<meta property=\"article:modified_time\" content=\"2025-10-12T13:37:12+00:00\" \/>\n<meta name=\"twitter:card\" content=\"summary_large_image\" \/>\n<meta name=\"twitter:label1\" content=\"\u9884\u8ba1\u9605\u8bfb\u65f6\u95f4\" \/>\n\t<meta name=\"twitter:data1\" content=\"2 \u5206\" \/>\n<script type=\"application\/ld+json\" class=\"yoast-schema-graph\">{\"@context\":\"https:\/\/schema.org\",\"@graph\":[{\"@type\":\"WebPage\",\"@id\":\"https:\/\/www.shendadi.com\/?page_id=874\",\"url\":\"https:\/\/www.shendadi.com\/?page_id=874\",\"name\":\"\u4e01\u4e01\u4e2a\u4eba\u4fe1\u606f\uff08\u6709\u7167\u7247\u4f46\u5982\u6709\uff09 - \u8d8a\u5357\u5927\u5730\u5f8b\u5e08\u6709\u9650\u516c\u53f8\",\"isPartOf\":{\"@id\":\"https:\/\/www.shendadi.com\/#website\"},\"datePublished\":\"2025-09-03T10:47:45+00:00\",\"dateModified\":\"2025-10-12T13:37:12+00:00\",\"breadcrumb\":{\"@id\":\"https:\/\/www.shendadi.com\/?page_id=874#breadcrumb\"},\"inLanguage\":\"zh-Hans\",\"potentialAction\":[{\"@type\":\"ReadAction\",\"target\":[\"https:\/\/www.shendadi.com\/?page_id=874\"]}]},{\"@type\":\"BreadcrumbList\",\"@id\":\"https:\/\/www.shendadi.com\/?page_id=874#breadcrumb\",\"itemListElement\":[{\"@type\":\"ListItem\",\"position\":1,\"name\":\"\u9996\u9875\",\"item\":\"https:\/\/www.shendadi.com\/\"},{\"@type\":\"ListItem\",\"position\":2,\"name\":\"\u4e13\u4e1a\u56e2\u961f\",\"item\":\"https:\/\/www.shendadi.com\/?page_id=41\"},{\"@type\":\"ListItem\",\"position\":3,\"name\":\"\u4e01\u4e01\u4e2a\u4eba\u4fe1\u606f\uff08\u6709\u7167\u7247\u4f46\u5982\u6709\uff09\"}]},{\"@type\":\"WebSite\",\"@id\":\"https:\/\/www.shendadi.com\/#website\",\"url\":\"https:\/\/www.shendadi.com\/\",\"name\":\"\u8d8a\u5357\u5927\u5730\u5f8b\u5e08\u6709\u9650\u516c\u53f8\",\"description\":\"\u4e2d\u56fd\u4eba\u81ea\u5df1\u7684\u5f8b\u6240\",\"potentialAction\":[{\"@type\":\"SearchAction\",\"target\":{\"@type\":\"EntryPoint\",\"urlTemplate\":\"https:\/\/www.shendadi.com\/?s={search_term_string}\"},\"query-input\":{\"@type\":\"PropertyValueSpecification\",\"valueRequired\":true,\"valueName\":\"search_term_string\"}}],\"inLanguage\":\"zh-Hans\"}]}<\/script>\n<!-- \/ Yoast SEO plugin. -->","yoast_head_json":{"title":"\u4e01\u4e01\u4e2a\u4eba\u4fe1\u606f\uff08\u6709\u7167\u7247\u4f46\u5982\u6709\uff09 - \u8d8a\u5357\u5927\u5730\u5f8b\u5e08\u6709\u9650\u516c\u53f8","robots":{"index":"index","follow":"follow","max-snippet":"max-snippet:-1","max-image-preview":"max-image-preview:large","max-video-preview":"max-video-preview:-1"},"canonical":"https:\/\/www.shendadi.com\/?page_id=874","og_locale":"zh_CN","og_type":"article","og_title":"\u4e01\u4e01\u4e2a\u4eba\u4fe1\u606f\uff08\u6709\u7167\u7247\u4f46\u5982\u6709\uff09 - \u8d8a\u5357\u5927\u5730\u5f8b\u5e08\u6709\u9650\u516c\u53f8","og_description":"\u4e01\u4e01\u5f8b\u5e08\u00a0 \u00a0 Lu\u1eadt s\u01b0 chuy\u00ean tr\u00e1ch \u2013 C\u00f4ng ty Lu\u1eadt Shendadi&nb [&hellip;]","og_url":"https:\/\/www.shendadi.com\/?page_id=874","og_site_name":"\u8d8a\u5357\u5927\u5730\u5f8b\u5e08\u6709\u9650\u516c\u53f8","article_modified_time":"2025-10-12T13:37:12+00:00","twitter_card":"summary_large_image","twitter_misc":{"\u9884\u8ba1\u9605\u8bfb\u65f6\u95f4":"2 \u5206"},"schema":{"@context":"https:\/\/schema.org","@graph":[{"@type":"WebPage","@id":"https:\/\/www.shendadi.com\/?page_id=874","url":"https:\/\/www.shendadi.com\/?page_id=874","name":"\u4e01\u4e01\u4e2a\u4eba\u4fe1\u606f\uff08\u6709\u7167\u7247\u4f46\u5982\u6709\uff09 - \u8d8a\u5357\u5927\u5730\u5f8b\u5e08\u6709\u9650\u516c\u53f8","isPartOf":{"@id":"https:\/\/www.shendadi.com\/#website"},"datePublished":"2025-09-03T10:47:45+00:00","dateModified":"2025-10-12T13:37:12+00:00","breadcrumb":{"@id":"https:\/\/www.shendadi.com\/?page_id=874#breadcrumb"},"inLanguage":"zh-Hans","potentialAction":[{"@type":"ReadAction","target":["https:\/\/www.shendadi.com\/?page_id=874"]}]},{"@type":"BreadcrumbList","@id":"https:\/\/www.shendadi.com\/?page_id=874#breadcrumb","itemListElement":[{"@type":"ListItem","position":1,"name":"\u9996\u9875","item":"https:\/\/www.shendadi.com\/"},{"@type":"ListItem","position":2,"name":"\u4e13\u4e1a\u56e2\u961f","item":"https:\/\/www.shendadi.com\/?page_id=41"},{"@type":"ListItem","position":3,"name":"\u4e01\u4e01\u4e2a\u4eba\u4fe1\u606f\uff08\u6709\u7167\u7247\u4f46\u5982\u6709\uff09"}]},{"@type":"WebSite","@id":"https:\/\/www.shendadi.com\/#website","url":"https:\/\/www.shendadi.com\/","name":"\u8d8a\u5357\u5927\u5730\u5f8b\u5e08\u6709\u9650\u516c\u53f8","description":"\u4e2d\u56fd\u4eba\u81ea\u5df1\u7684\u5f8b\u6240","potentialAction":[{"@type":"SearchAction","target":{"@type":"EntryPoint","urlTemplate":"https:\/\/www.shendadi.com\/?s={search_term_string}"},"query-input":{"@type":"PropertyValueSpecification","valueRequired":true,"valueName":"search_term_string"}}],"inLanguage":"zh-Hans"}]}},"_links":{"self":[{"href":"https:\/\/www.shendadi.com\/index.php?rest_route=\/wp\/v2\/pages\/874","targetHints":{"allow":["GET"]}}],"collection":[{"href":"https:\/\/www.shendadi.com\/index.php?rest_route=\/wp\/v2\/pages"}],"about":[{"href":"https:\/\/www.shendadi.com\/index.php?rest_route=\/wp\/v2\/types\/page"}],"author":[{"embeddable":true,"href":"https:\/\/www.shendadi.com\/index.php?rest_route=\/wp\/v2\/users\/1"}],"replies":[{"embeddable":true,"href":"https:\/\/www.shendadi.com\/index.php?rest_route=%2Fwp%2Fv2%2Fcomments&post=874"}],"version-history":[{"count":17,"href":"https:\/\/www.shendadi.com\/index.php?rest_route=\/wp\/v2\/pages\/874\/revisions"}],"predecessor-version":[{"id":1245,"href":"https:\/\/www.shendadi.com\/index.php?rest_route=\/wp\/v2\/pages\/874\/revisions\/1245"}],"up":[{"embeddable":true,"href":"https:\/\/www.shendadi.com\/index.php?rest_route=\/wp\/v2\/pages\/41"}],"wp:attachment":[{"href":"https:\/\/www.shendadi.com\/index.php?rest_route=%2Fwp%2Fv2%2Fmedia&parent=874"}],"curies":[{"name":"wp","href":"https:\/\/api.w.org\/{rel}","templated":true}]}}