{"id":855,"date":"2025-09-03T19:27:21","date_gmt":"2025-09-03T11:27:21","guid":{"rendered":"https:\/\/www.shendadi.com\/?page_id=855"},"modified":"2025-10-12T21:36:36","modified_gmt":"2025-10-12T13:36:36","slug":"%e7%8e%8b%e9%b8%a3%e5%89%91%e4%b8%aa%e4%ba%ba%e4%bf%a1%e6%81%af","status":"publish","type":"page","link":"https:\/\/www.shendadi.com\/?page_id=855","title":{"rendered":"\u738b\u9e23\u5251\u4e2a\u4eba\u4fe1\u606f"},"content":{"rendered":"\t\t<div data-elementor-type=\"wp-page\" data-elementor-id=\"855\" class=\"elementor elementor-855\">\n\t\t\t\t<div class=\"elementor-element elementor-element-8b4df67 e-con-full e-flex e-con e-parent\" data-id=\"8b4df67\" data-element_type=\"container\">\n\t\t<div class=\"elementor-element elementor-element-d66e336 e-flex e-con-boxed e-con e-child\" data-id=\"d66e336\" data-element_type=\"container\">\n\t\t\t\t\t<div class=\"e-con-inner\">\n\t\t\t\t<div class=\"elementor-element elementor-element-5a3915c elementor-widget elementor-widget-image\" data-id=\"5a3915c\" data-element_type=\"widget\" data-widget_type=\"image.default\">\n\t\t\t\t<div class=\"elementor-widget-container\">\n\t\t\t\t\t\t\t\t\t\t\t\t\t\t\t<img fetchpriority=\"high\" decoding=\"async\" width=\"800\" height=\"597\" src=\"https:\/\/www.shendadi.com\/wp-content\/uploads\/2025\/09\/af500d0603225efaafef698b01ffa4c2-1024x764.png\" class=\"attachment-large size-large wp-image-887\" alt=\"\" srcset=\"https:\/\/www.shendadi.com\/wp-content\/uploads\/2025\/09\/af500d0603225efaafef698b01ffa4c2-1024x764.png 1024w, https:\/\/www.shendadi.com\/wp-content\/uploads\/2025\/09\/af500d0603225efaafef698b01ffa4c2-300x224.png 300w, https:\/\/www.shendadi.com\/wp-content\/uploads\/2025\/09\/af500d0603225efaafef698b01ffa4c2-768x573.png 768w, https:\/\/www.shendadi.com\/wp-content\/uploads\/2025\/09\/af500d0603225efaafef698b01ffa4c2.png 1207w\" sizes=\"(max-width: 800px) 100vw, 800px\" \/>\t\t\t\t\t\t\t\t\t\t\t\t\t\t\t<\/div>\n\t\t\t\t<\/div>\n\t\t\t\t<div class=\"elementor-element elementor-element-8db12a2 elementor-widget elementor-widget-text-editor\" data-id=\"8db12a2\" data-element_type=\"widget\" data-widget_type=\"text-editor.default\">\n\t\t\t\t<div class=\"elementor-widget-container\">\n\t\t\t\t\t\t\t\t\t<h2 style=\"text-align: left;\">\u738b\u9e23\u5251\u5f8b\u5e08\u00a0\u00a0<\/h2>\t\t\t\t\t\t\t\t<\/div>\n\t\t\t\t<\/div>\n\t\t\t\t<div class=\"elementor-element elementor-element-26782e9 elementor-widget elementor-widget-text-editor\" data-id=\"26782e9\" data-element_type=\"widget\" data-widget_type=\"text-editor.default\">\n\t\t\t\t<div class=\"elementor-widget-container\">\n\t\t\t\t\t\t\t\t\t<p><strong><b>Lu\u1eadt s\u01b0<\/b><\/strong><strong><b>\u00a0<\/b><\/strong><strong><b>WANG MING JIAN (<\/b><\/strong><strong><b>\u00a0V\u01b0\u01a1ng Minh Ki\u1ebfm<\/b><\/strong><strong><b>)<\/b><\/strong><\/p>\t\t\t\t\t\t\t\t<\/div>\n\t\t\t\t<\/div>\n\t\t\t\t<div class=\"elementor-element elementor-element-cdaa1a5 elementor-widget elementor-widget-text-editor\" data-id=\"cdaa1a5\" data-element_type=\"widget\" data-widget_type=\"text-editor.default\">\n\t\t\t\t<div class=\"elementor-widget-container\">\n\t\t\t\t\t\t\t\t\t<p>\u5e7f\u4e1c\u6df1\u5927\u5730\u5f8b\u5e08\u4e8b\u52a1\u6240\u5408\u4f19\u4eba\u00a0 \u00a0 \u8d8a\u5357\u5927\u5730\u5f8b\u5e08\u6709\u9650\u516c\u53f8\u521b\u59cb\u5408\u4f19\u4eba\uff0c\u6267\u884c\u8463\u4e8b<\/p>\t\t\t\t\t\t\t\t<\/div>\n\t\t\t\t<\/div>\n\t\t\t\t<div class=\"elementor-element elementor-element-4648130 elementor-widget__width-initial elementor-widget elementor-widget-text-editor\" data-id=\"4648130\" data-element_type=\"widget\" data-widget_type=\"text-editor.default\">\n\t\t\t\t<div class=\"elementor-widget-container\">\n\t\t\t\t\t\t\t\t\t<p><strong><span style=\"font-family: \u4eff\u5b8b; font-size: 14pt; text-align: var(--text-align);\">\u6bd5\u4e1a\u4e8e\u897f\u5357\u653f\u6cd5\u5927\u5b66\u7ecf\u6d4e\u6cd5\u4e13\u4e1a\u66fe\u4efb\u804c\u5927\u5b66\u3001\u4f01\u4e1a\u3001\u653f\u5e9c\u7b49\u90e8\u95e8\uff0c\u4ece\u4e8b\u4e0e\u6cd5\u5f8b\u76f8\u5173\u7684\u5de5\u4f5c\uff0c2011\u5e74\u5f00\u59cb\u4ece\u4e8b\u4e13\u804c\u5f8b\u5e08\u5de5\u4f5c\uff0c\u540c\u65f6\u62e5\u6709\u4e2d\u8d8a\u4e24\u4e2a\u56fd\u5bb6\u5f8b\u5e08\u6267\u4e1a\u8bb8\u53ef\u8bc1\uff08\u8d8a\u5357\u53f8\u6cd5\u90e8\u6279\u51c6\uff09\uff1b\u7814\u7a76\u4e1c\u76df\u56fd\u5bb6\u7684\u76f8\u5173\u6cd5\u5f8b\uff0c\u7279\u522b\u5728\u534f\u8c03\u4e2d\u8d8a\u4f01\u4e1a\u4e92\u8054\u4e92\u901a\uff0c\u4fc3\u8fdb\u4e24\u56fd\u4f01\u4e1a\u5728\u8d38\u6613\u3001\u6295\u8d44\u7b49\u65b9\u9762\u7684\u5408\u4f5c\u6709\u6df1\u5165\u7814\u7a76\u3002\u4e3b\u8981\u6267\u4e1a\u9886\u57df\u5305\u62ec\u5916\u5546\u6295\u8d44\u4f01\u4e1a\u6cd5\u5f8b\u670d\u52a1\u3001\u4f01\u4e1a\u5408\u89c4\u3001\u4e89\u8bae\u89e3\u51b3\uff08\u8bc9\u8bbc\u3001\u4ef2\u88c1\u3001\u8c08\u5224\u53ca\u8c03\u89e3\uff09\u3001\u516c\u53f8\u5e76\u8d2d\u53ca\u6e05\u7b97\u6cd5\u5f8b\u4e1a\u52a1\u7b49\u3002<\/span><\/strong><\/p>\t\t\t\t\t\t\t\t<\/div>\n\t\t\t\t<\/div>\n\t\t\t\t<div class=\"elementor-element elementor-element-b4ff59d elementor-widget elementor-widget-text-editor\" data-id=\"b4ff59d\" data-element_type=\"widget\" data-widget_type=\"text-editor.default\">\n\t\t\t\t<div class=\"elementor-widget-container\">\n\t\t\t\t\t\t\t\t\t<p><strong>T\u1ed1t nghi\u1ec7p chuy\u00ean ng\u00e0nh Lu\u1eadt Kinh t\u1ebf t\u1ea1i \u0110\u1ea1i h\u1ecdc Ch\u00ednh ph\u00e1p T\u00e2y Nam.<span style=\"color: var( --e-global-color-text ); font-family: var( --e-global-typography-text-font-family ), Sans-serif; text-align: var(--text-align); font-size: 1rem;\">Hi\u1ec7n l\u00e0 <\/span>\u0111\u1ed1i t\u00e1c t\u1ea1i C\u00f4ng ty Lu\u1eadt Shendadi Qu\u1ea3ng \u0110\u00f4ng<span style=\"color: var( --e-global-color-text ); font-family: var( --e-global-typography-text-font-family ), Sans-serif; text-align: var(--text-align); font-size: 1rem;\">,<\/span>\u0110\u1ed3ng s\u00e1ng l\u1eadp v\u00e0 Gi\u00e1m \u0111\u1ed1c \u0111i\u1ec1u h\u00e0nh C\u00f4ng ty Lu\u1eadt TNHH \u0110\u1ea1i \u0110\u1ecba Vi\u1ec7t Nam<span style=\"color: var( --e-global-color-text ); font-family: var( --e-global-typography-text-font-family ), Sans-serif; text-align: var(--text-align); font-size: 1rem;\">.<\/span><span style=\"color: var( --e-global-color-text ); font-family: var( --e-global-typography-text-font-family ), Sans-serif; text-align: var(--text-align); font-size: 1rem;\">T\u1eebng l\u00e0m vi\u1ec7c trong <\/span>c\u00e1c tr\u01b0\u01a1\u0300ng\u00a0\u0111\u1ea1i h\u1ecdc, doanh nghi\u1ec7p v\u00e0 c\u01a1 quan nh\u00e0 n\u01b0\u1edbc<span style=\"color: var( --e-global-color-text ); font-family: var( --e-global-typography-text-font-family ), Sans-serif; text-align: var(--text-align); font-size: 1rem;\">, \u0111\u1ea3m nhi\u1ec7m <\/span>c\u00e1c c\u00f4ng vi\u1ec7c li\u00ean quan \u0111\u1ebfn ph\u00e1p l\u00fd<span style=\"color: var( --e-global-color-text ); font-family: var( --e-global-typography-text-font-family ), Sans-serif; text-align: var(--text-align); font-size: 1rem;\">.<\/span>T\u1eeb n\u0103m 2011<span style=\"color: var( --e-global-color-text ); font-family: var( --e-global-typography-text-font-family ), Sans-serif; text-align: var(--text-align); font-size: 1rem;\">, ch\u00ednh th\u1ee9c h\u00e0nh ngh\u1ec1 lu\u1eadt s\u01b0 chuy\u00ean nghi\u1ec7p.<\/span>\u0110\u1ed3ng th\u1eddi s\u1edf h\u1eefu gi\u1ea5y ph\u00e9p h\u00e0nh ngh\u1ec1 lu\u1eadt s\u01b0 t\u1ea1i c\u1ea3 Trung Qu\u1ed1c v\u00e0 Vi\u1ec7t Nam<span style=\"color: var( --e-global-color-text ); font-family: var( --e-global-typography-text-font-family ), Sans-serif; text-align: var(--text-align); font-size: 1rem;\">\u00a0(\u0111\u01b0\u1ee3c B\u1ed9 T\u01b0 ph\u00e1p Vi\u1ec7t Nam ph\u00ea duy\u1ec7t).<\/span><span style=\"color: var( --e-global-color-text ); font-family: var( --e-global-typography-text-font-family ), Sans-serif; text-align: var(--text-align); font-size: 1rem;\">Ba\u0300\u00a0<\/span>nghi\u00ean c\u1ee9u s\u00e2u v\u1ec1 ph\u00e1p lu\u1eadt c\u00e1c qu\u1ed1c gia ASEAN<span style=\"color: var( --e-global-color-text ); font-family: var( --e-global-typography-text-font-family ), Sans-serif; text-align: var(--text-align); font-size: 1rem;\">, \u0111\u1eb7c bi\u1ec7t <\/span>c\u00f3 nghi\u00ean c\u1ee9u chuy\u00ean s\u00e2u v\u1ec1 vi\u1ec7c k\u1ebft n\u1ed1i gi\u1eefa doanh nghi\u1ec7p Trung Qu\u1ed1c v\u00e0 Vi\u1ec7t Nam<span style=\"color: var( --e-global-color-text ); font-family: var( --e-global-typography-text-font-family ), Sans-serif; text-align: var(--text-align); font-size: 1rem;\">, nh\u1eb1m <\/span>th\u00fac \u0111\u1ea9y h\u1ee3p t\u00e1c gi\u1eefa hai n\u01b0\u1edbc trong c\u00e1c l\u0129nh v\u1ef1c nh\u01b0 th\u01b0\u01a1ng m\u1ea1i<\/strong><\/p>\t\t\t\t\t\t\t\t<\/div>\n\t\t\t\t<\/div>\n\t\t\t\t\t<\/div>\n\t\t\t\t<\/div>\n\t\t\t\t<\/div>\n\t\t<div class=\"elementor-element elementor-element-ee0934f e-flex e-con-boxed e-con e-parent\" data-id=\"ee0934f\" data-element_type=\"container\">\n\t\t\t\t\t<div class=\"e-con-inner\">\n\t\t\t\t\t<\/div>\n\t\t\t\t<\/div>\n\t\t\t\t<\/div>\n\t\t","protected":false},"excerpt":{"rendered":"<p>\u738b\u9e23\u5251\u5f8b\u5e08\u00a0\u00a0 Lu\u1eadt s\u01b0\u00a0WANG MING JIAN (\u00a0V\u01b0\u01a1ng Minh Ki\u1ebfm) \u5e7f\u4e1c\u6df1\u5927\u5730 [&hellip;]<\/p>\n","protected":false},"author":1,"featured_media":0,"parent":41,"menu_order":0,"comment_status":"closed","ping_status":"closed","template":"elementor_header_footer","meta":{"_eb_attr":"","footnotes":""},"class_list":["post-855","page","type-page","status-publish","hentry"],"yoast_head":"<!-- This site is optimized with the Yoast SEO plugin v26.2 - https:\/\/yoast.com\/wordpress\/plugins\/seo\/ -->\n<title>\u738b\u9e23\u5251\u4e2a\u4eba\u4fe1\u606f - \u8d8a\u5357\u5927\u5730\u5f8b\u5e08\u6709\u9650\u516c\u53f8<\/title>\n<meta name=\"robots\" content=\"index, follow, max-snippet:-1, max-image-preview:large, max-video-preview:-1\" \/>\n<link rel=\"canonical\" href=\"https:\/\/www.shendadi.com\/?page_id=855\" \/>\n<meta property=\"og:locale\" content=\"zh_CN\" \/>\n<meta property=\"og:type\" content=\"article\" \/>\n<meta property=\"og:title\" content=\"\u738b\u9e23\u5251\u4e2a\u4eba\u4fe1\u606f - \u8d8a\u5357\u5927\u5730\u5f8b\u5e08\u6709\u9650\u516c\u53f8\" \/>\n<meta property=\"og:description\" content=\"\u738b\u9e23\u5251\u5f8b\u5e08\u00a0\u00a0 Lu\u1eadt s\u01b0\u00a0WANG MING JIAN (\u00a0V\u01b0\u01a1ng Minh Ki\u1ebfm) \u5e7f\u4e1c\u6df1\u5927\u5730 [&hellip;]\" \/>\n<meta property=\"og:url\" content=\"https:\/\/www.shendadi.com\/?page_id=855\" \/>\n<meta property=\"og:site_name\" content=\"\u8d8a\u5357\u5927\u5730\u5f8b\u5e08\u6709\u9650\u516c\u53f8\" \/>\n<meta property=\"article:modified_time\" content=\"2025-10-12T13:36:36+00:00\" \/>\n<meta property=\"og:image\" content=\"https:\/\/www.shendadi.com\/wp-content\/uploads\/2025\/09\/af500d0603225efaafef698b01ffa4c2.png\" \/>\n\t<meta property=\"og:image:width\" content=\"1207\" \/>\n\t<meta property=\"og:image:height\" content=\"900\" \/>\n\t<meta property=\"og:image:type\" content=\"image\/png\" \/>\n<meta name=\"twitter:card\" content=\"summary_large_image\" \/>\n<meta name=\"twitter:label1\" content=\"\u9884\u8ba1\u9605\u8bfb\u65f6\u95f4\" \/>\n\t<meta name=\"twitter:data1\" content=\"1 \u5206\" \/>\n<script type=\"application\/ld+json\" class=\"yoast-schema-graph\">{\"@context\":\"https:\/\/schema.org\",\"@graph\":[{\"@type\":\"WebPage\",\"@id\":\"https:\/\/www.shendadi.com\/?page_id=855\",\"url\":\"https:\/\/www.shendadi.com\/?page_id=855\",\"name\":\"\u738b\u9e23\u5251\u4e2a\u4eba\u4fe1\u606f - \u8d8a\u5357\u5927\u5730\u5f8b\u5e08\u6709\u9650\u516c\u53f8\",\"isPartOf\":{\"@id\":\"https:\/\/www.shendadi.com\/#website\"},\"primaryImageOfPage\":{\"@id\":\"https:\/\/www.shendadi.com\/?page_id=855#primaryimage\"},\"image\":{\"@id\":\"https:\/\/www.shendadi.com\/?page_id=855#primaryimage\"},\"thumbnailUrl\":\"https:\/\/www.shendadi.com\/wp-content\/uploads\/2025\/09\/af500d0603225efaafef698b01ffa4c2-1024x764.png\",\"datePublished\":\"2025-09-03T11:27:21+00:00\",\"dateModified\":\"2025-10-12T13:36:36+00:00\",\"breadcrumb\":{\"@id\":\"https:\/\/www.shendadi.com\/?page_id=855#breadcrumb\"},\"inLanguage\":\"zh-Hans\",\"potentialAction\":[{\"@type\":\"ReadAction\",\"target\":[\"https:\/\/www.shendadi.com\/?page_id=855\"]}]},{\"@type\":\"ImageObject\",\"inLanguage\":\"zh-Hans\",\"@id\":\"https:\/\/www.shendadi.com\/?page_id=855#primaryimage\",\"url\":\"https:\/\/www.shendadi.com\/wp-content\/uploads\/2025\/09\/af500d0603225efaafef698b01ffa4c2.png\",\"contentUrl\":\"https:\/\/www.shendadi.com\/wp-content\/uploads\/2025\/09\/af500d0603225efaafef698b01ffa4c2.png\",\"width\":1207,\"height\":900},{\"@type\":\"BreadcrumbList\",\"@id\":\"https:\/\/www.shendadi.com\/?page_id=855#breadcrumb\",\"itemListElement\":[{\"@type\":\"ListItem\",\"position\":1,\"name\":\"\u9996\u9875\",\"item\":\"https:\/\/www.shendadi.com\/\"},{\"@type\":\"ListItem\",\"position\":2,\"name\":\"\u4e13\u4e1a\u56e2\u961f\",\"item\":\"https:\/\/www.shendadi.com\/?page_id=41\"},{\"@type\":\"ListItem\",\"position\":3,\"name\":\"\u738b\u9e23\u5251\u4e2a\u4eba\u4fe1\u606f\"}]},{\"@type\":\"WebSite\",\"@id\":\"https:\/\/www.shendadi.com\/#website\",\"url\":\"https:\/\/www.shendadi.com\/\",\"name\":\"\u8d8a\u5357\u5927\u5730\u5f8b\u5e08\u6709\u9650\u516c\u53f8\",\"description\":\"\u4e2d\u56fd\u4eba\u81ea\u5df1\u7684\u5f8b\u6240\",\"potentialAction\":[{\"@type\":\"SearchAction\",\"target\":{\"@type\":\"EntryPoint\",\"urlTemplate\":\"https:\/\/www.shendadi.com\/?s={search_term_string}\"},\"query-input\":{\"@type\":\"PropertyValueSpecification\",\"valueRequired\":true,\"valueName\":\"search_term_string\"}}],\"inLanguage\":\"zh-Hans\"}]}<\/script>\n<!-- \/ Yoast SEO plugin. -->","yoast_head_json":{"title":"\u738b\u9e23\u5251\u4e2a\u4eba\u4fe1\u606f - \u8d8a\u5357\u5927\u5730\u5f8b\u5e08\u6709\u9650\u516c\u53f8","robots":{"index":"index","follow":"follow","max-snippet":"max-snippet:-1","max-image-preview":"max-image-preview:large","max-video-preview":"max-video-preview:-1"},"canonical":"https:\/\/www.shendadi.com\/?page_id=855","og_locale":"zh_CN","og_type":"article","og_title":"\u738b\u9e23\u5251\u4e2a\u4eba\u4fe1\u606f - \u8d8a\u5357\u5927\u5730\u5f8b\u5e08\u6709\u9650\u516c\u53f8","og_description":"\u738b\u9e23\u5251\u5f8b\u5e08\u00a0\u00a0 Lu\u1eadt s\u01b0\u00a0WANG MING JIAN (\u00a0V\u01b0\u01a1ng Minh Ki\u1ebfm) \u5e7f\u4e1c\u6df1\u5927\u5730 [&hellip;]","og_url":"https:\/\/www.shendadi.com\/?page_id=855","og_site_name":"\u8d8a\u5357\u5927\u5730\u5f8b\u5e08\u6709\u9650\u516c\u53f8","article_modified_time":"2025-10-12T13:36:36+00:00","og_image":[{"width":1207,"height":900,"url":"https:\/\/www.shendadi.com\/wp-content\/uploads\/2025\/09\/af500d0603225efaafef698b01ffa4c2.png","type":"image\/png"}],"twitter_card":"summary_large_image","twitter_misc":{"\u9884\u8ba1\u9605\u8bfb\u65f6\u95f4":"1 \u5206"},"schema":{"@context":"https:\/\/schema.org","@graph":[{"@type":"WebPage","@id":"https:\/\/www.shendadi.com\/?page_id=855","url":"https:\/\/www.shendadi.com\/?page_id=855","name":"\u738b\u9e23\u5251\u4e2a\u4eba\u4fe1\u606f - \u8d8a\u5357\u5927\u5730\u5f8b\u5e08\u6709\u9650\u516c\u53f8","isPartOf":{"@id":"https:\/\/www.shendadi.com\/#website"},"primaryImageOfPage":{"@id":"https:\/\/www.shendadi.com\/?page_id=855#primaryimage"},"image":{"@id":"https:\/\/www.shendadi.com\/?page_id=855#primaryimage"},"thumbnailUrl":"https:\/\/www.shendadi.com\/wp-content\/uploads\/2025\/09\/af500d0603225efaafef698b01ffa4c2-1024x764.png","datePublished":"2025-09-03T11:27:21+00:00","dateModified":"2025-10-12T13:36:36+00:00","breadcrumb":{"@id":"https:\/\/www.shendadi.com\/?page_id=855#breadcrumb"},"inLanguage":"zh-Hans","potentialAction":[{"@type":"ReadAction","target":["https:\/\/www.shendadi.com\/?page_id=855"]}]},{"@type":"ImageObject","inLanguage":"zh-Hans","@id":"https:\/\/www.shendadi.com\/?page_id=855#primaryimage","url":"https:\/\/www.shendadi.com\/wp-content\/uploads\/2025\/09\/af500d0603225efaafef698b01ffa4c2.png","contentUrl":"https:\/\/www.shendadi.com\/wp-content\/uploads\/2025\/09\/af500d0603225efaafef698b01ffa4c2.png","width":1207,"height":900},{"@type":"BreadcrumbList","@id":"https:\/\/www.shendadi.com\/?page_id=855#breadcrumb","itemListElement":[{"@type":"ListItem","position":1,"name":"\u9996\u9875","item":"https:\/\/www.shendadi.com\/"},{"@type":"ListItem","position":2,"name":"\u4e13\u4e1a\u56e2\u961f","item":"https:\/\/www.shendadi.com\/?page_id=41"},{"@type":"ListItem","position":3,"name":"\u738b\u9e23\u5251\u4e2a\u4eba\u4fe1\u606f"}]},{"@type":"WebSite","@id":"https:\/\/www.shendadi.com\/#website","url":"https:\/\/www.shendadi.com\/","name":"\u8d8a\u5357\u5927\u5730\u5f8b\u5e08\u6709\u9650\u516c\u53f8","description":"\u4e2d\u56fd\u4eba\u81ea\u5df1\u7684\u5f8b\u6240","potentialAction":[{"@type":"SearchAction","target":{"@type":"EntryPoint","urlTemplate":"https:\/\/www.shendadi.com\/?s={search_term_string}"},"query-input":{"@type":"PropertyValueSpecification","valueRequired":true,"valueName":"search_term_string"}}],"inLanguage":"zh-Hans"}]}},"_links":{"self":[{"href":"https:\/\/www.shendadi.com\/index.php?rest_route=\/wp\/v2\/pages\/855","targetHints":{"allow":["GET"]}}],"collection":[{"href":"https:\/\/www.shendadi.com\/index.php?rest_route=\/wp\/v2\/pages"}],"about":[{"href":"https:\/\/www.shendadi.com\/index.php?rest_route=\/wp\/v2\/types\/page"}],"author":[{"embeddable":true,"href":"https:\/\/www.shendadi.com\/index.php?rest_route=\/wp\/v2\/users\/1"}],"replies":[{"embeddable":true,"href":"https:\/\/www.shendadi.com\/index.php?rest_route=%2Fwp%2Fv2%2Fcomments&post=855"}],"version-history":[{"count":19,"href":"https:\/\/www.shendadi.com\/index.php?rest_route=\/wp\/v2\/pages\/855\/revisions"}],"predecessor-version":[{"id":1239,"href":"https:\/\/www.shendadi.com\/index.php?rest_route=\/wp\/v2\/pages\/855\/revisions\/1239"}],"up":[{"embeddable":true,"href":"https:\/\/www.shendadi.com\/index.php?rest_route=\/wp\/v2\/pages\/41"}],"wp:attachment":[{"href":"https:\/\/www.shendadi.com\/index.php?rest_route=%2Fwp%2Fv2%2Fmedia&parent=855"}],"curies":[{"name":"wp","href":"https:\/\/api.w.org\/{rel}","templated":true}]}}