{"id":854,"date":"2025-09-03T22:20:02","date_gmt":"2025-09-03T14:20:02","guid":{"rendered":"https:\/\/www.shendadi.com\/?page_id=854"},"modified":"2025-10-12T21:35:46","modified_gmt":"2025-10-12T13:35:46","slug":"%e8%b5%b5%e8%89%ba%e9%9b%af%e4%b8%aa%e4%ba%ba%e4%bf%a1%e6%81%af","status":"publish","type":"page","link":"https:\/\/www.shendadi.com\/?page_id=854","title":{"rendered":"\u8d75\u827a\u96ef\u4e2a\u4eba\u4fe1\u606f"},"content":{"rendered":"\t\t<div data-elementor-type=\"wp-page\" data-elementor-id=\"854\" class=\"elementor elementor-854\">\n\t\t\t\t<div class=\"elementor-element elementor-element-8b4df67 e-con-full e-flex e-con e-parent\" data-id=\"8b4df67\" data-element_type=\"container\">\n\t\t<div class=\"elementor-element elementor-element-d66e336 e-flex e-con-boxed e-con e-child\" data-id=\"d66e336\" data-element_type=\"container\">\n\t\t\t\t\t<div class=\"e-con-inner\">\n\t\t\t\t<div class=\"elementor-element elementor-element-ae107df elementor-widget elementor-widget-image\" data-id=\"ae107df\" data-element_type=\"widget\" data-widget_type=\"image.default\">\n\t\t\t\t<div class=\"elementor-widget-container\">\n\t\t\t\t\t\t\t\t\t\t\t\t\t\t\t<img decoding=\"async\" src=\"https:\/\/www.shendadi.com\/wp-content\/uploads\/2025\/09\/\u5fae\u4fe1\u56fe\u7247_202509101915111111111125_379_22511.jpg\" title=\"\" alt=\"\" loading=\"lazy\" \/>\t\t\t\t\t\t\t\t\t\t\t\t\t\t\t<\/div>\n\t\t\t\t<\/div>\n\t\t\t\t<div class=\"elementor-element elementor-element-8db12a2 elementor-widget elementor-widget-text-editor\" data-id=\"8db12a2\" data-element_type=\"widget\" data-widget_type=\"text-editor.default\">\n\t\t\t\t<div class=\"elementor-widget-container\">\n\t\t\t\t\t\t\t\t\t<h2 style=\"text-align: left;\">\u8d75\u827a\u96ef\u5f8b\u5e08\u00a0\u00a0<\/h2>\t\t\t\t\t\t\t\t<\/div>\n\t\t\t\t<\/div>\n\t\t\t\t<div class=\"elementor-element elementor-element-26782e9 elementor-widget elementor-widget-text-editor\" data-id=\"26782e9\" data-element_type=\"widget\" data-widget_type=\"text-editor.default\">\n\t\t\t\t<div class=\"elementor-widget-container\">\n\t\t\t\t\t\t\t\t\t<p><strong><b>ZHAO <\/b><\/strong><strong><b>YI WEN ( <\/b><\/strong><strong><b>Tri\u1ec7u Ngh\u1ec7 V\u0103n<\/b><\/strong><strong><b>) <\/b><\/strong><strong><b>\u00a0\u2013 Th\u1ef1c t\u1eadp sinh Lu\u1eadt s\u01b0<\/b><\/strong><\/p>\t\t\t\t\t\t\t\t<\/div>\n\t\t\t\t<\/div>\n\t\t\t\t<div class=\"elementor-element elementor-element-4648130 elementor-widget__width-initial elementor-widget elementor-widget-text-editor\" data-id=\"4648130\" data-element_type=\"widget\" data-widget_type=\"text-editor.default\">\n\t\t\t\t<div class=\"elementor-widget-container\">\n\t\t\t\t\t\t\t\t\t<p>\u73b0\u4efb\u804c\u4e8e\u5e7f\u4e1c\u6df1\u5927\u5730\u5f8b\u5e08\u4e8b\u52a1\u6240\uff0c\u62c5\u4efb\u5b9e\u4e60\u5f8b\u5e08\u3002\u5df2\u53c2\u4e0e\u5904\u7406\u591a\u7c7b\u6cd5\u5f8b\u4e8b\u52a1\uff0c\u5305\u62ec\u6d89\u5916\u6848\u4ef6\u4ee3\u7406\uff0c\u5e76\u4e3a\u591a\u5bb6\u4f01\u4e1a\u63d0\u4f9b\u5408\u540c\u5ba1\u9605\u4e0e\u8d77\u8349\u7b49\u6cd5\u5f8b\u670d\u52a1\uff0c\u5c55\u73b0\u51fa\u8f83\u5f3a\u7684\u5b9e\u52a1\u64cd\u4f5c\u80fd\u529b\u3002\u719f\u6089\u300a\u6c11\u6cd5\u5178\u300b\u300a\u6c11\u4e8b\u8bc9\u8bbc\u6cd5\u300b\u7b49\u6c11\u5546\u4e8b\u9886\u57df\u6838\u5fc3\u6cd5\u5f8b\u6cd5\u89c4\uff0c\u80fd\u591f\u51c6\u786e\u628a\u63e1\u5176\u5728\u5177\u4f53\u6848\u4ef6\u4e2d\u7684\u9002\u7528\u903b\u8f91\u3002<\/p><p>\u5177\u5907\u4e25\u8c28\u7684\u6cd5\u5f8b\u601d\u7ef4\u548c\u7ec6\u81f4\u7684\u5de5\u4f5c\u6001\u5ea6\uff0c\u5728\u6c9f\u901a\u4e2d\u80fd\u6e05\u6670\u9610\u8ff0\u6cd5\u5f8b\u610f\u89c1\uff0c\u53ca\u65f6\u54cd\u5e94\u5ba2\u6237\u9700\u6c42\uff0c\u5584\u4e8e\u5728\u591a\u4efb\u52a1\u73af\u5883\u4e2d\u534f\u8c03\u63a8\u8fdb\u5404\u9879\u4e8b\u52a1\uff0c\u5177\u6709\u826f\u597d\u7684\u56e2\u961f\u534f\u4f5c\u7cbe\u795e\u548c\u6301\u7eed\u5b66\u4e60\u80fd\u529b\u3002\u81f4\u529b\u4e8e\u4e3a\u4f01\u4e1a\u4e0e\u4e2a\u4eba\u5ba2\u6237\u63d0\u4f9b\u4e13\u4e1a\u3001\u9ad8\u6548\u7684\u6cd5\u5f8b\u652f\u6301\u3002<\/p>\t\t\t\t\t\t\t\t<\/div>\n\t\t\t\t<\/div>\n\t\t\t\t<div class=\"elementor-element elementor-element-b931164 elementor-widget__width-initial elementor-widget elementor-widget-text-editor\" data-id=\"b931164\" data-element_type=\"widget\" data-widget_type=\"text-editor.default\">\n\t\t\t\t<div class=\"elementor-widget-container\">\n\t\t\t\t\t\t\t\t\t<p><strong>Hi\u1ec7n \u0111ang c\u00f4ng t\u00e1c t\u1ea1i C\u00f4ng ty Lu\u1eadt Shendadi Qu\u1ea3ng \u0110\u00f4ng\u00a0v\u1edbi v\u1ecb tr\u00ed lu\u1eadt s\u01b0 th\u1ef1c t\u1eadp .<\/strong><\/p><p><strong>C\u00f4 \u0111\u00e3 tham gia x\u1eed l\u00fd nhi\u1ec1u lo\u1ea1i v\u1ee5 vi\u1ec7c ph\u00e1p l\u00fd, bao g\u1ed3m \u0111\u1ea1i di\u1ec7n c\u00e1c v\u1ee5 vi\u1ec7c c\u00f3 y\u1ebfu t\u1ed1 n\u01b0\u1edbc ngo\u00e0i, \u0111\u1ed3ng th\u1eddi cung c\u1ea5p d\u1ecbch v\u1ee5 r\u00e0 so\u00e1t v\u00e0 so\u1ea1n th\u1ea3o h\u1ee3p \u0111\u1ed3ng\u00a0cho nhi\u1ec1u doanh nghi\u1ec7p, th\u1ec3 hi\u1ec7n n\u0103ng l\u1ef1c thao t\u00e1c th\u1ef1c ti\u1ec5n v\u1eefng v\u00e0ng.<\/strong><\/p><p><strong>C\u00f4 am hi\u1ec3u s\u00e2u c\u00e1c b\u1ed9 lu\u1eadt c\u1ed1t l\u00f5i trong l\u0129nh v\u1ef1c d\u00e2n s\u1ef1 \u2013 th\u01b0\u01a1ng m\u1ea1i\u00a0nh\u01b0 B\u1ed9 lu\u1eadt D\u00e2n s\u1ef1, Lu\u1eadt T\u1ed1 t\u1ee5ng D\u00e2n s\u1ef1, v\u00e0 c\u00f3 kh\u1ea3 n\u0103ng nh\u1eadn \u0111\u1ecbnh ch\u00ednh x\u00e1c c\u00e1ch \u00e1p d\u1ee5ng ph\u00e1p lu\u1eadt trong c\u00e1c t\u00ecnh hu\u1ed1ng c\u1ee5 th\u1ec3.<\/strong><\/p><p><strong>S\u1edf h\u1eefu t\u01b0 duy ph\u00e1p l\u00fd ch\u1eb7t ch\u1ebd\u00a0v\u00e0 t\u00e1c phong l\u00e0m vi\u1ec7c c\u1ea9n tr\u1ecdng, c\u00f4 c\u00f3 th\u1ec3 tr\u00ecnh b\u00e0y r\u00f5 r\u00e0ng \u00fd ki\u1ebfn ph\u00e1p l\u00fd trong giao ti\u1ebfp, \u0111\u00e1p \u1ee9ng k\u1ecbp th\u1eddi nhu c\u1ea7u c\u1ee7a kh\u00e1ch h\u00e0ng, \u0111\u1ed3ng th\u1eddi linh ho\u1ea1t \u0111i\u1ec1u ph\u1ed1i c\u00f4ng vi\u1ec7c trong m\u00f4i tr\u01b0\u1eddng \u0111a nhi\u1ec7m. C\u00f4 c\u0169ng c\u00f3 tinh th\u1ea7n h\u1ee3p t\u00e1c t\u1ed1t v\u00e0 kh\u1ea3 n\u0103ng h\u1ecdc h\u1ecfi kh\u00f4ng ng\u1eebng.<\/strong><\/p><p><strong>Cam k\u1ebft cung c\u1ea5p d\u1ecbch v\u1ee5 h\u1ed7 tr\u1ee3 ph\u00e1p l\u00fd chuy\u00ean nghi\u1ec7p v\u00e0 hi\u1ec7u qu\u1ea3 cho doanh nghi\u1ec7p v\u00e0 kh\u00e1ch h\u00e0ng c\u00e1 nh\u00e2n.<\/strong><\/p>\t\t\t\t\t\t\t\t<\/div>\n\t\t\t\t<\/div>\n\t\t\t\t\t<\/div>\n\t\t\t\t<\/div>\n\t\t\t\t<\/div>\n\t\t\t\t<\/div>\n\t\t","protected":false},"excerpt":{"rendered":"<p>\u8d75\u827a\u96ef\u5f8b\u5e08\u00a0\u00a0 ZHAO YI WEN ( Tri\u1ec7u Ngh\u1ec7 V\u0103n) \u00a0\u2013 Th\u1ef1c t\u1eadp sinh  [&hellip;]<\/p>\n","protected":false},"author":1,"featured_media":0,"parent":41,"menu_order":0,"comment_status":"closed","ping_status":"closed","template":"elementor_header_footer","meta":{"_eb_attr":"","footnotes":""},"class_list":["post-854","page","type-page","status-publish","hentry"],"yoast_head":"<!-- This site is optimized with the Yoast SEO plugin v26.2 - https:\/\/yoast.com\/wordpress\/plugins\/seo\/ -->\n<title>\u8d75\u827a\u96ef\u4e2a\u4eba\u4fe1\u606f - \u8d8a\u5357\u5927\u5730\u5f8b\u5e08\u6709\u9650\u516c\u53f8<\/title>\n<meta name=\"robots\" content=\"index, follow, max-snippet:-1, max-image-preview:large, max-video-preview:-1\" \/>\n<link rel=\"canonical\" href=\"https:\/\/www.shendadi.com\/?page_id=854\" \/>\n<meta property=\"og:locale\" content=\"zh_CN\" \/>\n<meta property=\"og:type\" content=\"article\" \/>\n<meta property=\"og:title\" content=\"\u8d75\u827a\u96ef\u4e2a\u4eba\u4fe1\u606f - \u8d8a\u5357\u5927\u5730\u5f8b\u5e08\u6709\u9650\u516c\u53f8\" \/>\n<meta property=\"og:description\" content=\"\u8d75\u827a\u96ef\u5f8b\u5e08\u00a0\u00a0 ZHAO YI WEN ( Tri\u1ec7u Ngh\u1ec7 V\u0103n) \u00a0\u2013 Th\u1ef1c t\u1eadp sinh [&hellip;]\" \/>\n<meta property=\"og:url\" content=\"https:\/\/www.shendadi.com\/?page_id=854\" \/>\n<meta property=\"og:site_name\" content=\"\u8d8a\u5357\u5927\u5730\u5f8b\u5e08\u6709\u9650\u516c\u53f8\" \/>\n<meta property=\"article:modified_time\" content=\"2025-10-12T13:35:46+00:00\" \/>\n<meta name=\"twitter:card\" content=\"summary_large_image\" \/>\n<meta name=\"twitter:label1\" content=\"\u9884\u8ba1\u9605\u8bfb\u65f6\u95f4\" \/>\n\t<meta name=\"twitter:data1\" content=\"2 \u5206\" \/>\n<script type=\"application\/ld+json\" class=\"yoast-schema-graph\">{\"@context\":\"https:\/\/schema.org\",\"@graph\":[{\"@type\":\"WebPage\",\"@id\":\"https:\/\/www.shendadi.com\/?page_id=854\",\"url\":\"https:\/\/www.shendadi.com\/?page_id=854\",\"name\":\"\u8d75\u827a\u96ef\u4e2a\u4eba\u4fe1\u606f - \u8d8a\u5357\u5927\u5730\u5f8b\u5e08\u6709\u9650\u516c\u53f8\",\"isPartOf\":{\"@id\":\"https:\/\/www.shendadi.com\/#website\"},\"datePublished\":\"2025-09-03T14:20:02+00:00\",\"dateModified\":\"2025-10-12T13:35:46+00:00\",\"breadcrumb\":{\"@id\":\"https:\/\/www.shendadi.com\/?page_id=854#breadcrumb\"},\"inLanguage\":\"zh-Hans\",\"potentialAction\":[{\"@type\":\"ReadAction\",\"target\":[\"https:\/\/www.shendadi.com\/?page_id=854\"]}]},{\"@type\":\"BreadcrumbList\",\"@id\":\"https:\/\/www.shendadi.com\/?page_id=854#breadcrumb\",\"itemListElement\":[{\"@type\":\"ListItem\",\"position\":1,\"name\":\"\u9996\u9875\",\"item\":\"https:\/\/www.shendadi.com\/\"},{\"@type\":\"ListItem\",\"position\":2,\"name\":\"\u4e13\u4e1a\u56e2\u961f\",\"item\":\"https:\/\/www.shendadi.com\/?page_id=41\"},{\"@type\":\"ListItem\",\"position\":3,\"name\":\"\u8d75\u827a\u96ef\u4e2a\u4eba\u4fe1\u606f\"}]},{\"@type\":\"WebSite\",\"@id\":\"https:\/\/www.shendadi.com\/#website\",\"url\":\"https:\/\/www.shendadi.com\/\",\"name\":\"\u8d8a\u5357\u5927\u5730\u5f8b\u5e08\u6709\u9650\u516c\u53f8\",\"description\":\"\u4e2d\u56fd\u4eba\u81ea\u5df1\u7684\u5f8b\u6240\",\"potentialAction\":[{\"@type\":\"SearchAction\",\"target\":{\"@type\":\"EntryPoint\",\"urlTemplate\":\"https:\/\/www.shendadi.com\/?s={search_term_string}\"},\"query-input\":{\"@type\":\"PropertyValueSpecification\",\"valueRequired\":true,\"valueName\":\"search_term_string\"}}],\"inLanguage\":\"zh-Hans\"}]}<\/script>\n<!-- \/ Yoast SEO plugin. -->","yoast_head_json":{"title":"\u8d75\u827a\u96ef\u4e2a\u4eba\u4fe1\u606f - \u8d8a\u5357\u5927\u5730\u5f8b\u5e08\u6709\u9650\u516c\u53f8","robots":{"index":"index","follow":"follow","max-snippet":"max-snippet:-1","max-image-preview":"max-image-preview:large","max-video-preview":"max-video-preview:-1"},"canonical":"https:\/\/www.shendadi.com\/?page_id=854","og_locale":"zh_CN","og_type":"article","og_title":"\u8d75\u827a\u96ef\u4e2a\u4eba\u4fe1\u606f - \u8d8a\u5357\u5927\u5730\u5f8b\u5e08\u6709\u9650\u516c\u53f8","og_description":"\u8d75\u827a\u96ef\u5f8b\u5e08\u00a0\u00a0 ZHAO YI WEN ( Tri\u1ec7u Ngh\u1ec7 V\u0103n) \u00a0\u2013 Th\u1ef1c t\u1eadp sinh [&hellip;]","og_url":"https:\/\/www.shendadi.com\/?page_id=854","og_site_name":"\u8d8a\u5357\u5927\u5730\u5f8b\u5e08\u6709\u9650\u516c\u53f8","article_modified_time":"2025-10-12T13:35:46+00:00","twitter_card":"summary_large_image","twitter_misc":{"\u9884\u8ba1\u9605\u8bfb\u65f6\u95f4":"2 \u5206"},"schema":{"@context":"https:\/\/schema.org","@graph":[{"@type":"WebPage","@id":"https:\/\/www.shendadi.com\/?page_id=854","url":"https:\/\/www.shendadi.com\/?page_id=854","name":"\u8d75\u827a\u96ef\u4e2a\u4eba\u4fe1\u606f - \u8d8a\u5357\u5927\u5730\u5f8b\u5e08\u6709\u9650\u516c\u53f8","isPartOf":{"@id":"https:\/\/www.shendadi.com\/#website"},"datePublished":"2025-09-03T14:20:02+00:00","dateModified":"2025-10-12T13:35:46+00:00","breadcrumb":{"@id":"https:\/\/www.shendadi.com\/?page_id=854#breadcrumb"},"inLanguage":"zh-Hans","potentialAction":[{"@type":"ReadAction","target":["https:\/\/www.shendadi.com\/?page_id=854"]}]},{"@type":"BreadcrumbList","@id":"https:\/\/www.shendadi.com\/?page_id=854#breadcrumb","itemListElement":[{"@type":"ListItem","position":1,"name":"\u9996\u9875","item":"https:\/\/www.shendadi.com\/"},{"@type":"ListItem","position":2,"name":"\u4e13\u4e1a\u56e2\u961f","item":"https:\/\/www.shendadi.com\/?page_id=41"},{"@type":"ListItem","position":3,"name":"\u8d75\u827a\u96ef\u4e2a\u4eba\u4fe1\u606f"}]},{"@type":"WebSite","@id":"https:\/\/www.shendadi.com\/#website","url":"https:\/\/www.shendadi.com\/","name":"\u8d8a\u5357\u5927\u5730\u5f8b\u5e08\u6709\u9650\u516c\u53f8","description":"\u4e2d\u56fd\u4eba\u81ea\u5df1\u7684\u5f8b\u6240","potentialAction":[{"@type":"SearchAction","target":{"@type":"EntryPoint","urlTemplate":"https:\/\/www.shendadi.com\/?s={search_term_string}"},"query-input":{"@type":"PropertyValueSpecification","valueRequired":true,"valueName":"search_term_string"}}],"inLanguage":"zh-Hans"}]}},"_links":{"self":[{"href":"https:\/\/www.shendadi.com\/index.php?rest_route=\/wp\/v2\/pages\/854","targetHints":{"allow":["GET"]}}],"collection":[{"href":"https:\/\/www.shendadi.com\/index.php?rest_route=\/wp\/v2\/pages"}],"about":[{"href":"https:\/\/www.shendadi.com\/index.php?rest_route=\/wp\/v2\/types\/page"}],"author":[{"embeddable":true,"href":"https:\/\/www.shendadi.com\/index.php?rest_route=\/wp\/v2\/users\/1"}],"replies":[{"embeddable":true,"href":"https:\/\/www.shendadi.com\/index.php?rest_route=%2Fwp%2Fv2%2Fcomments&post=854"}],"version-history":[{"count":12,"href":"https:\/\/www.shendadi.com\/index.php?rest_route=\/wp\/v2\/pages\/854\/revisions"}],"predecessor-version":[{"id":1230,"href":"https:\/\/www.shendadi.com\/index.php?rest_route=\/wp\/v2\/pages\/854\/revisions\/1230"}],"up":[{"embeddable":true,"href":"https:\/\/www.shendadi.com\/index.php?rest_route=\/wp\/v2\/pages\/41"}],"wp:attachment":[{"href":"https:\/\/www.shendadi.com\/index.php?rest_route=%2Fwp%2Fv2%2Fmedia&parent=854"}],"curies":[{"name":"wp","href":"https:\/\/api.w.org\/{rel}","templated":true}]}}