{"id":853,"date":"2025-09-01T23:52:28","date_gmt":"2025-09-01T15:52:28","guid":{"rendered":"https:\/\/www.shendadi.com\/?page_id=853"},"modified":"2025-10-12T21:36:23","modified_gmt":"2025-10-12T13:36:23","slug":"%e7%bd%97%e8%b4%a4%e9%80%b8%e4%b8%aa%e4%ba%ba%e4%bf%a1%e6%81%af","status":"publish","type":"page","link":"https:\/\/www.shendadi.com\/?page_id=853","title":{"rendered":"\u7f57\u8d24\u9038\u4e2a\u4eba\u4fe1\u606f"},"content":{"rendered":"\t\t<div data-elementor-type=\"wp-page\" data-elementor-id=\"853\" class=\"elementor elementor-853\">\n\t\t\t\t<div class=\"elementor-element elementor-element-8b4df67 e-con-full e-flex e-con e-parent\" data-id=\"8b4df67\" data-element_type=\"container\">\n\t\t<div class=\"elementor-element elementor-element-d66e336 e-flex e-con-boxed e-con e-child\" data-id=\"d66e336\" data-element_type=\"container\">\n\t\t\t\t\t<div class=\"e-con-inner\">\n\t\t\t\t<div class=\"elementor-element elementor-element-e43ab01 elementor-widget elementor-widget-image\" data-id=\"e43ab01\" data-element_type=\"widget\" data-widget_type=\"image.default\">\n\t\t\t\t<div class=\"elementor-widget-container\">\n\t\t\t\t\t\t\t\t\t\t\t\t\t\t\t<img fetchpriority=\"high\" decoding=\"async\" width=\"800\" height=\"534\" src=\"https:\/\/www.shendadi.com\/wp-content\/uploads\/2025\/09\/\u7f57\u8d24\u9038\u4e13\u804c\u5f8b\u5e081-1024x683.jpg\" class=\"attachment-large size-large wp-image-912\" alt=\"\" srcset=\"https:\/\/www.shendadi.com\/wp-content\/uploads\/2025\/09\/\u7f57\u8d24\u9038\u4e13\u804c\u5f8b\u5e081-1024x683.jpg 1024w, https:\/\/www.shendadi.com\/wp-content\/uploads\/2025\/09\/\u7f57\u8d24\u9038\u4e13\u804c\u5f8b\u5e081-300x200.jpg 300w, https:\/\/www.shendadi.com\/wp-content\/uploads\/2025\/09\/\u7f57\u8d24\u9038\u4e13\u804c\u5f8b\u5e081-768x512.jpg 768w, https:\/\/www.shendadi.com\/wp-content\/uploads\/2025\/09\/\u7f57\u8d24\u9038\u4e13\u804c\u5f8b\u5e081.jpg 1080w\" sizes=\"(max-width: 800px) 100vw, 800px\" \/>\t\t\t\t\t\t\t\t\t\t\t\t\t\t\t<\/div>\n\t\t\t\t<\/div>\n\t\t\t\t<div class=\"elementor-element elementor-element-8db12a2 elementor-widget elementor-widget-text-editor\" data-id=\"8db12a2\" data-element_type=\"widget\" data-widget_type=\"text-editor.default\">\n\t\t\t\t<div class=\"elementor-widget-container\">\n\t\t\t\t\t\t\t\t\t<h2 style=\"text-align: left;\">\u7f57\u8d24\u9038\u5f8b\u5e08\u00a0 \u00a0<\/h2>\t\t\t\t\t\t\t\t<\/div>\n\t\t\t\t<\/div>\n\t\t\t\t<div class=\"elementor-element elementor-element-26782e9 elementor-widget elementor-widget-text-editor\" data-id=\"26782e9\" data-element_type=\"widget\" data-widget_type=\"text-editor.default\">\n\t\t\t\t<div class=\"elementor-widget-container\">\n\t\t\t\t\t\t\t\t\t<p class=\"MsoNormal\"><b><span class=\"15\" style=\"font-family: \u7b49\u7ebf; font-size: 16pt;\">H\u1ed3 s\u01a1 Lu\u1eadt s\u01b0 <\/span><\/b><b><span class=\"15\" style=\"font-family: '\u7b49\u7ebf Light'; font-size: 16pt;\"><span style=\"font-family: \u7b49\u7ebf;\">LUO XIAN YI (<\/span><\/span><\/b><b><span class=\"15\" style=\"font-family: \u7b49\u7ebf; font-size: 16pt;\">La Hi\u1ec1n D\u1eadt<\/span><\/b><b><span class=\"15\" style=\"font-family: '\u7b49\u7ebf Light'; font-size: 16pt;\"><span style=\"font-family: \u7b49\u7ebf;\">)<\/span><\/span><\/b><\/p>\t\t\t\t\t\t\t\t<\/div>\n\t\t\t\t<\/div>\n\t\t\t\t<div class=\"elementor-element elementor-element-cdaa1a5 elementor-widget elementor-widget-text-editor\" data-id=\"cdaa1a5\" data-element_type=\"widget\" data-widget_type=\"text-editor.default\">\n\t\t\t\t<div class=\"elementor-widget-container\">\n\t\t\t\t\t\t\t\t\t<p>\u5e7f\u4e1c\u6df1\u5927\u5730\u5f8b\u5e08\u4e8b\u52a1\u6240\u6267\u4e1a\uff0c\u9ad8\u7ea7\u5408\u4f19\u4eba\uff1b\u8d8a\u5357\u5927\u5730\u5f8b\u5e08\u6709\u9650\u8d23\u4efb\u516c\u53f8\u521b\u59cb\u5408\u4f19\u4eba\uff0c\u7ecf\u7406<\/p>\t\t\t\t\t\t\t\t<\/div>\n\t\t\t\t<\/div>\n\t\t\t\t<div class=\"elementor-element elementor-element-4648130 elementor-widget__width-initial elementor-widget elementor-widget-text-editor\" data-id=\"4648130\" data-element_type=\"widget\" data-widget_type=\"text-editor.default\">\n\t\t\t\t<div class=\"elementor-widget-container\">\n\t\t\t\t\t\t\t\t\t<p>\u4e3a\u8de8\u56fd\u4f01\u4e1a\u7684\u91cd\u5927\u56fd\u9645\u8d27\u7269\u4e70\u5356\u5408\u540c\u3001\u6280\u672f\u8f6c\u8ba9\u5408\u540c\u7b49\u63d0\u4f9b\u5168\u6d41\u7a0b\u6cd5\u5f8b\u670d\u52a1\uff0c\u5ba1\u67e5\u5408\u540c\u6761\u6b3e\uff0c\u8bc6\u522b\u5e76\u5316\u89e3\u6f5c\u5728\u6cd5\u5f8b\u98ce\u9669\u70b9\uff0c\u907f\u514d\u53ef\u80fd\u7684\u7ecf\u6d4e\u635f\u5931\u3002<\/p><p>\u6df1\u5ea6\u53c2\u4e0e\u591a\u4e2a\u5927\u578b\u8de8\u56fd\u57fa\u7840\u8bbe\u65bd\u5efa\u8bbe\u9879\u76ee\uff0c\u4ece\u9879\u76ee\u524d\u671f\u7684\u6cd5\u5f8b\u5c3d\u804c\u8c03\u67e5\uff0c\u5230\u9879\u76ee\u8c08\u5224\u3001\u5408\u540c\u8d77\u8349\u4e0e\u7b7e\u7f72\uff0c\u5168\u7a0b\u63d0\u4f9b\u4e13\u4e1a\u6cd5\u5f8b\u652f\u6301\uff0c\u786e\u4fdd\u9879\u76ee\u7b26\u5408\u4e1c\u9053\u56fd\u6cd5\u5f8b\u53ca\u56fd\u9645\u89c4\u8303\u3002\u534f\u52a9\u4f01\u4e1a\u5e94\u5bf9\u9879\u76ee\u843d\u5730\u8fc7\u7a0b\u4e2d\u7684\u5404\u7c7b\u6cd5\u5f8b\u95ee\u9898\uff0c\u5982\u571f\u5730\u5f81\u7528\u3001\u73af\u5883\u4fdd\u62a4\u3001\u52b3\u5de5\u7ea0\u7eb7\u7b49\uff0c\u63a8\u52a8\u9879\u76ee\u987a\u5229\u5b9e<\/p><p>\u4e3a\u4f17\u591a\u56fd\u5185\u5916\u5ba2\u6237\u63d0\u4f9b\u8de8\u56fd\u516c\u53f8\u8bbe\u7acb\u7684\u4e00\u7ad9\u5f0f\u6cd5\u5f8b\u670d\u52a1\uff0c\u6db5\u76d6\u516c\u53f8\u67b6\u6784\u8bbe\u8ba1\u3001\u80a1\u6743\u5206\u914d\u3001\u6ce8\u518c\u767b\u8bb0\u7b49\u73af\u8282\u3002\u719f\u6089\u4e0d\u540c\u56fd\u5bb6\u548c\u5730\u533a\u7684\u516c\u53f8\u6cd5\u5f8b\u5236\u5ea6\uff0c\u6839\u636e\u5ba2\u6237\u9700\u6c42\u9009\u62e9\u6700\u9002\u5b9c\u7684\u8bbe\u7acb\u5730\u548c\u7ec4\u7ec7\u5f62\u5f0f\u3002<\/p>\t\t\t\t\t\t\t\t<\/div>\n\t\t\t\t<\/div>\n\t\t\t\t<div class=\"elementor-element elementor-element-b931164 elementor-widget__width-initial elementor-widget elementor-widget-text-editor\" data-id=\"b931164\" data-element_type=\"widget\" data-widget_type=\"text-editor.default\">\n\t\t\t\t<div class=\"elementor-widget-container\">\n\t\t\t\t\t\t\t\t\t<p>Lu\u1eadt s\u01b0 h\u00e0nh ngh\u1ec1 t\u1ea1i C\u00f4ng ty Lu\u1eadt Shendadi (Th\u00e2m \u0110\u1ea1i \u0110\u1ecba)\u00a0Qu\u1ea3ng \u0110\u00f4ng, l\u00e0 \u0111\u1ed1i t\u00e1c c\u1ea5p cao; \u0111\u1ed3ng th\u1eddi l\u00e0 \u0111\u1ed3ng s\u00e1ng l\u1eadp v\u00e0 gi\u00e1m \u0111\u1ed1c \u0111i\u1ec1u h\u00e0nh c\u1ee7a C\u00f4ng ty Lu\u1eadt TNHH \u0110\u1ea1i \u0110\u1ecba Vi\u1ec7t Nam.<\/p><p>\u00d4ng cung c\u1ea5p d\u1ecbch v\u1ee5 ph\u00e1p l\u00fd to\u00e0n di\u1ec7n cho c\u00e1c h\u1ee3p \u0111\u1ed3ng mua b\u00e1n h\u00e0ng h\u00f3a qu\u1ed1c t\u1ebf l\u1edbn v\u00e0 h\u1ee3p \u0111\u1ed3ng chuy\u1ec3n giao c\u00f4ng ngh\u1ec7 c\u1ee7a c\u00e1c doanh nghi\u1ec7p xuy\u00ean qu\u1ed1c gia, bao g\u1ed3m r\u00e0 so\u00e1t \u0111i\u1ec1u kho\u1ea3n h\u1ee3p \u0111\u1ed3ng, nh\u1eadn di\u1ec7n v\u00e0 x\u1eed l\u00fd c\u00e1c r\u1ee7i ro ph\u00e1p l\u00fd ti\u1ec1m \u1ea9n, t\u1eeb \u0111\u00f3 tr\u00e1nh nh\u1eefng t\u1ed5n th\u1ea5t kinh t\u1ebf c\u00f3 th\u1ec3 x\u1ea3y ra.<\/p><p>\u00d4ng \u0111\u00e3 tham gia s\u00e2u v\u00e0o nhi\u1ec1u d\u1ef1 \u00e1n x\u00e2y d\u1ef1ng h\u1ea1 t\u1ea7ng quy m\u00f4 l\u1edbn mang t\u00ednh qu\u1ed1c t\u1ebf, t\u1eeb giai \u0111o\u1ea1n \u0111\u1ea7u nh\u01b0 th\u1ea9m \u0111\u1ecbnh ph\u00e1p l\u00fd, \u0111\u00e0m ph\u00e1n d\u1ef1 \u00e1n, so\u1ea1n th\u1ea3o v\u00e0 k\u00fd k\u1ebft h\u1ee3p \u0111\u1ed3ng, \u0111\u1ebfn vi\u1ec7c cung c\u1ea5p h\u1ed7 tr\u1ee3 ph\u00e1p l\u00fd chuy\u00ean nghi\u1ec7p xuy\u00ean su\u1ed1t qu\u00e1 tr\u00ecnh th\u1ef1c hi\u1ec7n, b\u1ea3o \u0111\u1ea3m d\u1ef1 \u00e1n tu\u00e2n th\u1ee7 ph\u00e1p lu\u1eadt n\u01b0\u1edbc s\u1edf t\u1ea1i v\u00e0 c\u00e1c chu\u1ea9n m\u1ef1c qu\u1ed1c t\u1ebf.<\/p><p>Ngo\u00e0i ra, \u00f4ng c\u00f2n h\u1ed7 tr\u1ee3 doanh nghi\u1ec7p x\u1eed l\u00fd nhi\u1ec1u v\u1ea5n \u0111\u1ec1 ph\u00e1p l\u00fd trong qu\u00e1 tr\u00ecnh tri\u1ec3n khai d\u1ef1 \u00e1n, nh\u01b0 thu h\u1ed3i \u0111\u1ea5t, b\u1ea3o v\u1ec7 m\u00f4i tr\u01b0\u1eddng, tranh ch\u1ea5p lao \u0111\u1ed9ng\u2026, g\u00f3p ph\u1ea7n th\u00fac \u0111\u1ea9y ti\u1ebfn \u0111\u1ed9 th\u1ef1c hi\u1ec7n su\u00f4n s\u1ebb.<\/p><p>Lu\u1eadt s\u01b0 La c\u0169ng \u0111\u00e3 cung c\u1ea5p d\u1ecbch v\u1ee5 ph\u00e1p l\u00fd tr\u1ecdn g\u00f3i cho nhi\u1ec1u kh\u00e1ch h\u00e0ng trong v\u00e0 ngo\u00e0i n\u01b0\u1edbc trong vi\u1ec7c th\u00e0nh l\u1eadp c\u00f4ng ty xuy\u00ean qu\u1ed1c gia, bao g\u1ed3m thi\u1ebft k\u1ebf c\u01a1 c\u1ea5u t\u1ed5 ch\u1ee9c, ph\u00e2n chia c\u1ed5 ph\u1ea7n v\u00e0 \u0111\u0103ng k\u00fd th\u00e0nh l\u1eadp. \u00d4ng th\u00f4ng th\u1ea1o h\u1ec7 th\u1ed1ng ph\u00e1p lu\u1eadt doanh nghi\u1ec7p t\u1ea1i nhi\u1ec1u qu\u1ed1c gia v\u00e0 khu v\u1ef1c, c\u00f3 kh\u1ea3 n\u0103ng t\u01b0 v\u1ea5n ch\u00ednh x\u00e1c n\u01a1i th\u00e0nh l\u1eadp v\u00e0 m\u00f4 h\u00ecnh t\u1ed5 ch\u1ee9c ph\u00f9 h\u1ee3p nh\u1ea5t theo nhu c\u1ea7u c\u1ee7a kh\u00e1ch h\u00e0ng.<\/p>\t\t\t\t\t\t\t\t<\/div>\n\t\t\t\t<\/div>\n\t\t\t\t\t<\/div>\n\t\t\t\t<\/div>\n\t\t\t\t<\/div>\n\t\t<div class=\"elementor-element elementor-element-aab5850 e-flex e-con-boxed e-con e-parent\" data-id=\"aab5850\" data-element_type=\"container\">\n\t\t\t\t\t<div class=\"e-con-inner\">\n\t\t\t\t\t<\/div>\n\t\t\t\t<\/div>\n\t\t\t\t<\/div>\n\t\t","protected":false},"excerpt":{"rendered":"<p>\u7f57\u8d24\u9038\u5f8b\u5e08\u00a0 \u00a0 H\u1ed3 s\u01a1 Lu\u1eadt s\u01b0 LUO XIAN YI (La Hi\u1ec1n D\u1eadt) \u5e7f\u4e1c\u6df1\u5927\u5730\u5f8b [&hellip;]<\/p>\n","protected":false},"author":1,"featured_media":0,"parent":41,"menu_order":0,"comment_status":"closed","ping_status":"closed","template":"elementor_header_footer","meta":{"_eb_attr":"","footnotes":""},"class_list":["post-853","page","type-page","status-publish","hentry"],"yoast_head":"<!-- This site is optimized with the Yoast SEO plugin v26.2 - https:\/\/yoast.com\/wordpress\/plugins\/seo\/ -->\n<title>\u7f57\u8d24\u9038\u4e2a\u4eba\u4fe1\u606f - \u8d8a\u5357\u5927\u5730\u5f8b\u5e08\u6709\u9650\u516c\u53f8<\/title>\n<meta name=\"robots\" content=\"index, follow, max-snippet:-1, max-image-preview:large, max-video-preview:-1\" \/>\n<link rel=\"canonical\" href=\"https:\/\/www.shendadi.com\/?page_id=853\" \/>\n<meta property=\"og:locale\" content=\"zh_CN\" \/>\n<meta property=\"og:type\" content=\"article\" \/>\n<meta property=\"og:title\" content=\"\u7f57\u8d24\u9038\u4e2a\u4eba\u4fe1\u606f - \u8d8a\u5357\u5927\u5730\u5f8b\u5e08\u6709\u9650\u516c\u53f8\" \/>\n<meta property=\"og:description\" content=\"\u7f57\u8d24\u9038\u5f8b\u5e08\u00a0 \u00a0 H\u1ed3 s\u01a1 Lu\u1eadt s\u01b0 LUO XIAN YI (La Hi\u1ec1n D\u1eadt) \u5e7f\u4e1c\u6df1\u5927\u5730\u5f8b [&hellip;]\" \/>\n<meta property=\"og:url\" content=\"https:\/\/www.shendadi.com\/?page_id=853\" \/>\n<meta property=\"og:site_name\" content=\"\u8d8a\u5357\u5927\u5730\u5f8b\u5e08\u6709\u9650\u516c\u53f8\" \/>\n<meta property=\"article:modified_time\" content=\"2025-10-12T13:36:23+00:00\" \/>\n<meta name=\"twitter:card\" content=\"summary_large_image\" \/>\n<meta name=\"twitter:label1\" content=\"\u9884\u8ba1\u9605\u8bfb\u65f6\u95f4\" \/>\n\t<meta name=\"twitter:data1\" content=\"2 \u5206\" \/>\n<script type=\"application\/ld+json\" class=\"yoast-schema-graph\">{\"@context\":\"https:\/\/schema.org\",\"@graph\":[{\"@type\":\"WebPage\",\"@id\":\"https:\/\/www.shendadi.com\/?page_id=853\",\"url\":\"https:\/\/www.shendadi.com\/?page_id=853\",\"name\":\"\u7f57\u8d24\u9038\u4e2a\u4eba\u4fe1\u606f - \u8d8a\u5357\u5927\u5730\u5f8b\u5e08\u6709\u9650\u516c\u53f8\",\"isPartOf\":{\"@id\":\"https:\/\/www.shendadi.com\/#website\"},\"datePublished\":\"2025-09-01T15:52:28+00:00\",\"dateModified\":\"2025-10-12T13:36:23+00:00\",\"breadcrumb\":{\"@id\":\"https:\/\/www.shendadi.com\/?page_id=853#breadcrumb\"},\"inLanguage\":\"zh-Hans\",\"potentialAction\":[{\"@type\":\"ReadAction\",\"target\":[\"https:\/\/www.shendadi.com\/?page_id=853\"]}]},{\"@type\":\"BreadcrumbList\",\"@id\":\"https:\/\/www.shendadi.com\/?page_id=853#breadcrumb\",\"itemListElement\":[{\"@type\":\"ListItem\",\"position\":1,\"name\":\"\u9996\u9875\",\"item\":\"https:\/\/www.shendadi.com\/\"},{\"@type\":\"ListItem\",\"position\":2,\"name\":\"\u4e13\u4e1a\u56e2\u961f\",\"item\":\"https:\/\/www.shendadi.com\/?page_id=41\"},{\"@type\":\"ListItem\",\"position\":3,\"name\":\"\u7f57\u8d24\u9038\u4e2a\u4eba\u4fe1\u606f\"}]},{\"@type\":\"WebSite\",\"@id\":\"https:\/\/www.shendadi.com\/#website\",\"url\":\"https:\/\/www.shendadi.com\/\",\"name\":\"\u8d8a\u5357\u5927\u5730\u5f8b\u5e08\u6709\u9650\u516c\u53f8\",\"description\":\"\u4e2d\u56fd\u4eba\u81ea\u5df1\u7684\u5f8b\u6240\",\"potentialAction\":[{\"@type\":\"SearchAction\",\"target\":{\"@type\":\"EntryPoint\",\"urlTemplate\":\"https:\/\/www.shendadi.com\/?s={search_term_string}\"},\"query-input\":{\"@type\":\"PropertyValueSpecification\",\"valueRequired\":true,\"valueName\":\"search_term_string\"}}],\"inLanguage\":\"zh-Hans\"}]}<\/script>\n<!-- \/ Yoast SEO plugin. -->","yoast_head_json":{"title":"\u7f57\u8d24\u9038\u4e2a\u4eba\u4fe1\u606f - \u8d8a\u5357\u5927\u5730\u5f8b\u5e08\u6709\u9650\u516c\u53f8","robots":{"index":"index","follow":"follow","max-snippet":"max-snippet:-1","max-image-preview":"max-image-preview:large","max-video-preview":"max-video-preview:-1"},"canonical":"https:\/\/www.shendadi.com\/?page_id=853","og_locale":"zh_CN","og_type":"article","og_title":"\u7f57\u8d24\u9038\u4e2a\u4eba\u4fe1\u606f - \u8d8a\u5357\u5927\u5730\u5f8b\u5e08\u6709\u9650\u516c\u53f8","og_description":"\u7f57\u8d24\u9038\u5f8b\u5e08\u00a0 \u00a0 H\u1ed3 s\u01a1 Lu\u1eadt s\u01b0 LUO XIAN YI (La Hi\u1ec1n D\u1eadt) \u5e7f\u4e1c\u6df1\u5927\u5730\u5f8b [&hellip;]","og_url":"https:\/\/www.shendadi.com\/?page_id=853","og_site_name":"\u8d8a\u5357\u5927\u5730\u5f8b\u5e08\u6709\u9650\u516c\u53f8","article_modified_time":"2025-10-12T13:36:23+00:00","twitter_card":"summary_large_image","twitter_misc":{"\u9884\u8ba1\u9605\u8bfb\u65f6\u95f4":"2 \u5206"},"schema":{"@context":"https:\/\/schema.org","@graph":[{"@type":"WebPage","@id":"https:\/\/www.shendadi.com\/?page_id=853","url":"https:\/\/www.shendadi.com\/?page_id=853","name":"\u7f57\u8d24\u9038\u4e2a\u4eba\u4fe1\u606f - \u8d8a\u5357\u5927\u5730\u5f8b\u5e08\u6709\u9650\u516c\u53f8","isPartOf":{"@id":"https:\/\/www.shendadi.com\/#website"},"datePublished":"2025-09-01T15:52:28+00:00","dateModified":"2025-10-12T13:36:23+00:00","breadcrumb":{"@id":"https:\/\/www.shendadi.com\/?page_id=853#breadcrumb"},"inLanguage":"zh-Hans","potentialAction":[{"@type":"ReadAction","target":["https:\/\/www.shendadi.com\/?page_id=853"]}]},{"@type":"BreadcrumbList","@id":"https:\/\/www.shendadi.com\/?page_id=853#breadcrumb","itemListElement":[{"@type":"ListItem","position":1,"name":"\u9996\u9875","item":"https:\/\/www.shendadi.com\/"},{"@type":"ListItem","position":2,"name":"\u4e13\u4e1a\u56e2\u961f","item":"https:\/\/www.shendadi.com\/?page_id=41"},{"@type":"ListItem","position":3,"name":"\u7f57\u8d24\u9038\u4e2a\u4eba\u4fe1\u606f"}]},{"@type":"WebSite","@id":"https:\/\/www.shendadi.com\/#website","url":"https:\/\/www.shendadi.com\/","name":"\u8d8a\u5357\u5927\u5730\u5f8b\u5e08\u6709\u9650\u516c\u53f8","description":"\u4e2d\u56fd\u4eba\u81ea\u5df1\u7684\u5f8b\u6240","potentialAction":[{"@type":"SearchAction","target":{"@type":"EntryPoint","urlTemplate":"https:\/\/www.shendadi.com\/?s={search_term_string}"},"query-input":{"@type":"PropertyValueSpecification","valueRequired":true,"valueName":"search_term_string"}}],"inLanguage":"zh-Hans"}]}},"_links":{"self":[{"href":"https:\/\/www.shendadi.com\/index.php?rest_route=\/wp\/v2\/pages\/853","targetHints":{"allow":["GET"]}}],"collection":[{"href":"https:\/\/www.shendadi.com\/index.php?rest_route=\/wp\/v2\/pages"}],"about":[{"href":"https:\/\/www.shendadi.com\/index.php?rest_route=\/wp\/v2\/types\/page"}],"author":[{"embeddable":true,"href":"https:\/\/www.shendadi.com\/index.php?rest_route=\/wp\/v2\/users\/1"}],"replies":[{"embeddable":true,"href":"https:\/\/www.shendadi.com\/index.php?rest_route=%2Fwp%2Fv2%2Fcomments&post=853"}],"version-history":[{"count":9,"href":"https:\/\/www.shendadi.com\/index.php?rest_route=\/wp\/v2\/pages\/853\/revisions"}],"predecessor-version":[{"id":1236,"href":"https:\/\/www.shendadi.com\/index.php?rest_route=\/wp\/v2\/pages\/853\/revisions\/1236"}],"up":[{"embeddable":true,"href":"https:\/\/www.shendadi.com\/index.php?rest_route=\/wp\/v2\/pages\/41"}],"wp:attachment":[{"href":"https:\/\/www.shendadi.com\/index.php?rest_route=%2Fwp%2Fv2%2Fmedia&parent=853"}],"curies":[{"name":"wp","href":"https:\/\/api.w.org\/{rel}","templated":true}]}}