{"id":852,"date":"2025-09-03T18:47:03","date_gmt":"2025-09-03T10:47:03","guid":{"rendered":"https:\/\/www.shendadi.com\/?page_id=852"},"modified":"2025-10-12T21:35:01","modified_gmt":"2025-10-12T13:35:01","slug":"%e9%98%ae%e6%b5%b7%e5%b1%b1%e4%b8%aa%e4%ba%ba%e4%bf%a1%e6%81%af","status":"publish","type":"page","link":"https:\/\/www.shendadi.com\/?page_id=852","title":{"rendered":"\u962e\u6d77\u5c71\u4e2a\u4eba\u4fe1\u606f"},"content":{"rendered":"\t\t<div data-elementor-type=\"wp-page\" data-elementor-id=\"852\" class=\"elementor elementor-852\">\n\t\t\t\t<div class=\"elementor-element elementor-element-8b4df67 e-con-full e-flex e-con e-parent\" data-id=\"8b4df67\" data-element_type=\"container\">\n\t\t<div class=\"elementor-element elementor-element-d66e336 e-flex e-con-boxed e-con e-child\" data-id=\"d66e336\" data-element_type=\"container\">\n\t\t\t\t\t<div class=\"e-con-inner\">\n\t\t\t\t<div class=\"elementor-element elementor-element-76ec3c1 elementor-widget elementor-widget-image\" data-id=\"76ec3c1\" data-element_type=\"widget\" data-widget_type=\"image.default\">\n\t\t\t\t<div class=\"elementor-widget-container\">\n\t\t\t\t\t\t\t\t\t\t\t\t\t\t\t<img fetchpriority=\"high\" decoding=\"async\" width=\"800\" height=\"534\" src=\"https:\/\/www.shendadi.com\/wp-content\/uploads\/2025\/09\/\u962e\u6d77\u5c71\u4e13\u804c\u5f8b\u5e081-1024x683.jpg\" class=\"attachment-large size-large wp-image-913\" alt=\"\" srcset=\"https:\/\/www.shendadi.com\/wp-content\/uploads\/2025\/09\/\u962e\u6d77\u5c71\u4e13\u804c\u5f8b\u5e081-1024x683.jpg 1024w, https:\/\/www.shendadi.com\/wp-content\/uploads\/2025\/09\/\u962e\u6d77\u5c71\u4e13\u804c\u5f8b\u5e081-300x200.jpg 300w, https:\/\/www.shendadi.com\/wp-content\/uploads\/2025\/09\/\u962e\u6d77\u5c71\u4e13\u804c\u5f8b\u5e081-768x512.jpg 768w, https:\/\/www.shendadi.com\/wp-content\/uploads\/2025\/09\/\u962e\u6d77\u5c71\u4e13\u804c\u5f8b\u5e081.jpg 1080w\" sizes=\"(max-width: 800px) 100vw, 800px\" \/>\t\t\t\t\t\t\t\t\t\t\t\t\t\t\t<\/div>\n\t\t\t\t<\/div>\n\t\t\t\t<div class=\"elementor-element elementor-element-8db12a2 elementor-widget elementor-widget-text-editor\" data-id=\"8db12a2\" data-element_type=\"widget\" data-widget_type=\"text-editor.default\">\n\t\t\t\t<div class=\"elementor-widget-container\">\n\t\t\t\t\t\t\t\t\t<h2 style=\"text-align: left;\">\u962e\u6d77\u5c71\u5f8b\u5e08\u00a0 \u00a0<span style=\"color: #000000; font-family: \u5fae\u8f6f\u96c5\u9ed1; font-size: 14pt; font-weight: var( --e-global-typography-text-font-weight ); text-align: var(--text-align);\">\u8d8a\u5357\u6cd5\u5f8b\u4e13\u5bb6<\/span><\/h2>\t\t\t\t\t\t\t\t<\/div>\n\t\t\t\t<\/div>\n\t\t\t\t<div class=\"elementor-element elementor-element-26782e9 elementor-widget elementor-widget-text-editor\" data-id=\"26782e9\" data-element_type=\"widget\" data-widget_type=\"text-editor.default\">\n\t\t\t\t<div class=\"elementor-widget-container\">\n\t\t\t\t\t\t\t\t\t<p><strong><b>Lu\u1eadt s\u01b0 Nguy\u1ec5n H\u1ea3i S\u01a1n \u2013 Chuy\u00ean gia ph\u00e1p lu\u1eadt Vi\u1ec7t Nam<\/b><\/strong><\/p>\t\t\t\t\t\t\t\t<\/div>\n\t\t\t\t<\/div>\n\t\t\t\t<div class=\"elementor-element elementor-element-cdaa1a5 elementor-widget elementor-widget-text-editor\" data-id=\"cdaa1a5\" data-element_type=\"widget\" data-widget_type=\"text-editor.default\">\n\t\t\t\t<div class=\"elementor-widget-container\">\n\t\t\t\t\t\t\t\t\t<p>\u8d8a\u5357\u5927\u5730\u5f8b\u5e08\u6709\u9650\u516c\u53f8\u4e13\u804c\u5f8b\u5e08\uff0c\u80e1\u5fd7\u660e\u5e02\u5f8b\u5e08\u534f\u4f1a\u6210\u5458<\/p>\t\t\t\t\t\t\t\t<\/div>\n\t\t\t\t<\/div>\n\t\t\t\t<div class=\"elementor-element elementor-element-4648130 elementor-widget__width-initial elementor-widget elementor-widget-text-editor\" data-id=\"4648130\" data-element_type=\"widget\" data-widget_type=\"text-editor.default\">\n\t\t\t\t<div class=\"elementor-widget-container\">\n\t\t\t\t\t\t\t\t\t<p>\u62e5\u6709\u8d85\u8fc7\u4e03\u5e74\u4f01\u4e1a\u6cd5\u5f8b\u3001\u6295\u8d44\u53ca\u623f\u5730\u4ea7\u9886\u57df\u7684\u4ece\u4e1a\u7ecf\u9a8c\u3002\u66fe\u76f4\u63a5\u8d1f\u8d23\u80e1\u5fd7\u660e\u5e02\u548c\u540c\u5948\u7701\u591a\u4e2a\u5927\u578b\u9879\u76ee\u7684\u6cd5\u5f8b\u4e8b\u52a1\uff0c\u53c2\u4e0e\u5904\u7406\u6295\u8d44\u624b\u7eed\u3001\u89c4\u5212\u5ba1\u6279\u3001\u9879\u76ee\u8f6c\u8ba9\u3001\u5e76\u8d2d\uff08M&amp;A\uff09\u4ee5\u53ca\u5546\u4e1a\u4e89\u8bae\u89e3\u51b3\u7b49\u6cd5\u5f8b\u4e8b\u52a1\u3002<\/p><p>\u51ed\u501f\u624e\u5b9e\u7684\u4e13\u4e1a\u57fa\u7840\u548c\u591a\u6837\u5316\u7684\u5b9e\u8df5\u7ecf\u9a8c\uff0c\u64c5\u957f\u8d77\u8349\u3001\u5ba1\u67e5\u53ca\u8c08\u5224\u590d\u6742\u5408\u540c\uff1b\u4e3a\u56fd\u5185\u5916\u4f01\u4e1a\u63d0\u4f9b\u6cd5\u5f8b\u7a0b\u5e8f\u54a8\u8be2\u4e0e\u6267\u884c\u670d\u52a1\uff1b\u540c\u65f6\u5177\u5907\u7ec4\u5efa\u3001\u7ba1\u7406\u548c\u57f9\u8bad\u4f01\u4e1a\u5185\u90e8\u6cd5\u52a1\u56e2\u961f\u7684\u80fd\u529b\uff0c\u4e3a\u4f01\u4e1a\u8fd0\u8425\u8fc7\u7a0b\u4e2d\u7684\u6cd5\u5f8b\u5408\u89c4\u4e0e\u98ce\u9669\u63a7\u5236\u63d0\u4f9b\u6709\u529b\u4fdd\u969c\u3002<\/p>\t\t\t\t\t\t\t\t<\/div>\n\t\t\t\t<\/div>\n\t\t\t\t<div class=\"elementor-element elementor-element-b931164 elementor-widget__width-initial elementor-widget elementor-widget-text-editor\" data-id=\"b931164\" data-element_type=\"widget\" data-widget_type=\"text-editor.default\">\n\t\t\t\t<div class=\"elementor-widget-container\">\n\t\t\t\t\t\t\t\t\t<p><strong>Lu\u1eadt s\u01b0 chuy\u00ean tr\u00e1ch t\u1ea1i C\u00f4ng ty Lu\u1eadt \u0110a\u0323i \u0110i\u0323a Vi\u1ec7t Nam, l\u00e0 h\u1ed9i vi\u00ean \u0110o\u00e0n Lu\u1eadt s\u01b0 TP. H\u1ed3 Ch\u00ed Minh, v\u1edbi h\u01a1n 7 n\u0103m kinh nghi\u1ec7m\u00a0trong l\u0129nh v\u1ef1c ph\u00e1p l\u00fd doanh nghi\u1ec7p, \u0111\u1ea7u t\u01b0 v\u00e0 b\u1ea5t \u0111\u1ed9ng s\u1ea3n.<\/strong><\/p><p><strong>Anh t\u1eebng tr\u1ef1c ti\u1ebfp ph\u1ee5 tr\u00e1ch ph\u00e1p l\u00fd cho nhi\u1ec1u d\u1ef1 \u00e1n quy m\u00f4 l\u1edbn\u00a0t\u1ea1i TP. H\u1ed3 Ch\u00ed Minh v\u00e0 t\u1ec9nh \u0110\u1ed3ng Nai, tham gia x\u1eed l\u00fd c\u00e1c th\u1ee7 t\u1ee5c ph\u00e1p l\u00fd li\u00ean quan \u0111\u1ebfn:<\/strong><\/p><ul><li><strong>Th\u1ee7 t\u1ee5c \u0111\u1ea7u t\u01b0 v\u00e0 ph\u00ea duy\u1ec7t quy ho\u1ea1ch;<\/strong><\/li><li><strong>Chuy\u1ec3n nh\u01b0\u1ee3ng d\u1ef1 \u00e1n v\u00e0 ho\u1ea1t \u0111\u1ed9ng mua b\u00e1n \u2013 s\u00e1p nh\u1eadp (M&amp;A);<\/strong><\/li><li><strong>Gi\u1ea3i quy\u1ebft tranh ch\u1ea5p th\u01b0\u01a1ng m\u1ea1i.<\/strong><\/li><\/ul><p><strong>V\u1edbi n\u1ec1n t\u1ea3ng chuy\u00ean m\u00f4n v\u1eefng ch\u1eafc c\u00f9ng kinh nghi\u1ec7m th\u1ef1c ti\u1ec5n \u0111a d\u1ea1ng, anh S\u01a1n c\u00f3 th\u1ebf m\u1ea1nh trong:<\/strong><\/p><ul><li><strong>So\u1ea1n th\u1ea3o, r\u00e0 so\u00e1t v\u00e0 \u0111\u00e0m ph\u00e1n h\u1ee3p \u0111\u1ed3ng ph\u1ee9c t\u1ea1p;<\/strong><\/li><li><strong>T\u01b0 v\u1ea5n v\u00e0 tri\u1ec3n khai c\u00e1c th\u1ee7 t\u1ee5c ph\u00e1p l\u00fd trong v\u00e0 ngo\u00e0i n\u01b0\u1edbc;<\/strong><\/li><li><strong>X\u00e2y d\u1ef1ng, qu\u1ea3n l\u00fd v\u00e0 \u0111\u00e0o t\u1ea1o\u0111\u1ed9i ng\u0169 ph\u00e1p ch\u1ebf n\u1ed9i b\u1ed9 doanh nghi\u1ec7p.<\/strong><\/li><\/ul><p><strong>Anh \u0111\u00f3ng vai tr\u00f2 quan tr\u1ecdng trong vi\u1ec7c b\u1ea3o \u0111\u1ea3m tu\u00e2n th\u1ee7 ph\u00e1p lu\u1eadt\u00a0v\u00e0 ki\u1ec3m so\u00e1t r\u1ee7i ro, g\u00f3p ph\u1ea7n h\u1ed7 tr\u1ee3 v\u1eadn h\u00e0nh b\u1ec1n v\u1eefng v\u00e0 hi\u1ec7u qu\u1ea3 cho c\u00e1c doanh nghi\u1ec7p.<\/strong><\/p>\t\t\t\t\t\t\t\t<\/div>\n\t\t\t\t<\/div>\n\t\t\t\t\t<\/div>\n\t\t\t\t<\/div>\n\t\t\t\t<\/div>\n\t\t<div class=\"elementor-element elementor-element-6551981 e-flex e-con-boxed e-con e-parent\" data-id=\"6551981\" data-element_type=\"container\">\n\t\t\t\t\t<div class=\"e-con-inner\">\n\t\t\t\t\t<\/div>\n\t\t\t\t<\/div>\n\t\t\t\t<\/div>\n\t\t","protected":false},"excerpt":{"rendered":"<p>\u962e\u6d77\u5c71\u5f8b\u5e08\u00a0 \u00a0\u8d8a\u5357\u6cd5\u5f8b\u4e13\u5bb6 Lu\u1eadt s\u01b0 Nguy\u1ec5n H\u1ea3i S\u01a1n \u2013 Chuy\u00ean gia ph\u00e1p [&hellip;]<\/p>\n","protected":false},"author":1,"featured_media":0,"parent":41,"menu_order":0,"comment_status":"closed","ping_status":"closed","template":"elementor_header_footer","meta":{"_eb_attr":"","footnotes":""},"class_list":["post-852","page","type-page","status-publish","hentry"],"yoast_head":"<!-- This site is optimized with the Yoast SEO plugin v26.2 - https:\/\/yoast.com\/wordpress\/plugins\/seo\/ -->\n<title>\u962e\u6d77\u5c71\u4e2a\u4eba\u4fe1\u606f - \u8d8a\u5357\u5927\u5730\u5f8b\u5e08\u6709\u9650\u516c\u53f8<\/title>\n<meta name=\"robots\" content=\"index, follow, max-snippet:-1, max-image-preview:large, max-video-preview:-1\" \/>\n<link rel=\"canonical\" href=\"https:\/\/www.shendadi.com\/?page_id=852\" \/>\n<meta property=\"og:locale\" content=\"zh_CN\" \/>\n<meta property=\"og:type\" content=\"article\" \/>\n<meta property=\"og:title\" content=\"\u962e\u6d77\u5c71\u4e2a\u4eba\u4fe1\u606f - \u8d8a\u5357\u5927\u5730\u5f8b\u5e08\u6709\u9650\u516c\u53f8\" \/>\n<meta property=\"og:description\" content=\"\u962e\u6d77\u5c71\u5f8b\u5e08\u00a0 \u00a0\u8d8a\u5357\u6cd5\u5f8b\u4e13\u5bb6 Lu\u1eadt s\u01b0 Nguy\u1ec5n H\u1ea3i S\u01a1n \u2013 Chuy\u00ean gia ph\u00e1p [&hellip;]\" \/>\n<meta property=\"og:url\" content=\"https:\/\/www.shendadi.com\/?page_id=852\" \/>\n<meta property=\"og:site_name\" content=\"\u8d8a\u5357\u5927\u5730\u5f8b\u5e08\u6709\u9650\u516c\u53f8\" \/>\n<meta property=\"article:modified_time\" content=\"2025-10-12T13:35:01+00:00\" \/>\n<meta name=\"twitter:card\" content=\"summary_large_image\" \/>\n<meta name=\"twitter:label1\" content=\"\u9884\u8ba1\u9605\u8bfb\u65f6\u95f4\" \/>\n\t<meta name=\"twitter:data1\" content=\"2 \u5206\" \/>\n<script type=\"application\/ld+json\" class=\"yoast-schema-graph\">{\"@context\":\"https:\/\/schema.org\",\"@graph\":[{\"@type\":\"WebPage\",\"@id\":\"https:\/\/www.shendadi.com\/?page_id=852\",\"url\":\"https:\/\/www.shendadi.com\/?page_id=852\",\"name\":\"\u962e\u6d77\u5c71\u4e2a\u4eba\u4fe1\u606f - \u8d8a\u5357\u5927\u5730\u5f8b\u5e08\u6709\u9650\u516c\u53f8\",\"isPartOf\":{\"@id\":\"https:\/\/www.shendadi.com\/#website\"},\"datePublished\":\"2025-09-03T10:47:03+00:00\",\"dateModified\":\"2025-10-12T13:35:01+00:00\",\"breadcrumb\":{\"@id\":\"https:\/\/www.shendadi.com\/?page_id=852#breadcrumb\"},\"inLanguage\":\"zh-Hans\",\"potentialAction\":[{\"@type\":\"ReadAction\",\"target\":[\"https:\/\/www.shendadi.com\/?page_id=852\"]}]},{\"@type\":\"BreadcrumbList\",\"@id\":\"https:\/\/www.shendadi.com\/?page_id=852#breadcrumb\",\"itemListElement\":[{\"@type\":\"ListItem\",\"position\":1,\"name\":\"\u9996\u9875\",\"item\":\"https:\/\/www.shendadi.com\/\"},{\"@type\":\"ListItem\",\"position\":2,\"name\":\"\u4e13\u4e1a\u56e2\u961f\",\"item\":\"https:\/\/www.shendadi.com\/?page_id=41\"},{\"@type\":\"ListItem\",\"position\":3,\"name\":\"\u962e\u6d77\u5c71\u4e2a\u4eba\u4fe1\u606f\"}]},{\"@type\":\"WebSite\",\"@id\":\"https:\/\/www.shendadi.com\/#website\",\"url\":\"https:\/\/www.shendadi.com\/\",\"name\":\"\u8d8a\u5357\u5927\u5730\u5f8b\u5e08\u6709\u9650\u516c\u53f8\",\"description\":\"\u4e2d\u56fd\u4eba\u81ea\u5df1\u7684\u5f8b\u6240\",\"potentialAction\":[{\"@type\":\"SearchAction\",\"target\":{\"@type\":\"EntryPoint\",\"urlTemplate\":\"https:\/\/www.shendadi.com\/?s={search_term_string}\"},\"query-input\":{\"@type\":\"PropertyValueSpecification\",\"valueRequired\":true,\"valueName\":\"search_term_string\"}}],\"inLanguage\":\"zh-Hans\"}]}<\/script>\n<!-- \/ Yoast SEO plugin. -->","yoast_head_json":{"title":"\u962e\u6d77\u5c71\u4e2a\u4eba\u4fe1\u606f - \u8d8a\u5357\u5927\u5730\u5f8b\u5e08\u6709\u9650\u516c\u53f8","robots":{"index":"index","follow":"follow","max-snippet":"max-snippet:-1","max-image-preview":"max-image-preview:large","max-video-preview":"max-video-preview:-1"},"canonical":"https:\/\/www.shendadi.com\/?page_id=852","og_locale":"zh_CN","og_type":"article","og_title":"\u962e\u6d77\u5c71\u4e2a\u4eba\u4fe1\u606f - \u8d8a\u5357\u5927\u5730\u5f8b\u5e08\u6709\u9650\u516c\u53f8","og_description":"\u962e\u6d77\u5c71\u5f8b\u5e08\u00a0 \u00a0\u8d8a\u5357\u6cd5\u5f8b\u4e13\u5bb6 Lu\u1eadt s\u01b0 Nguy\u1ec5n H\u1ea3i S\u01a1n \u2013 Chuy\u00ean gia ph\u00e1p [&hellip;]","og_url":"https:\/\/www.shendadi.com\/?page_id=852","og_site_name":"\u8d8a\u5357\u5927\u5730\u5f8b\u5e08\u6709\u9650\u516c\u53f8","article_modified_time":"2025-10-12T13:35:01+00:00","twitter_card":"summary_large_image","twitter_misc":{"\u9884\u8ba1\u9605\u8bfb\u65f6\u95f4":"2 \u5206"},"schema":{"@context":"https:\/\/schema.org","@graph":[{"@type":"WebPage","@id":"https:\/\/www.shendadi.com\/?page_id=852","url":"https:\/\/www.shendadi.com\/?page_id=852","name":"\u962e\u6d77\u5c71\u4e2a\u4eba\u4fe1\u606f - \u8d8a\u5357\u5927\u5730\u5f8b\u5e08\u6709\u9650\u516c\u53f8","isPartOf":{"@id":"https:\/\/www.shendadi.com\/#website"},"datePublished":"2025-09-03T10:47:03+00:00","dateModified":"2025-10-12T13:35:01+00:00","breadcrumb":{"@id":"https:\/\/www.shendadi.com\/?page_id=852#breadcrumb"},"inLanguage":"zh-Hans","potentialAction":[{"@type":"ReadAction","target":["https:\/\/www.shendadi.com\/?page_id=852"]}]},{"@type":"BreadcrumbList","@id":"https:\/\/www.shendadi.com\/?page_id=852#breadcrumb","itemListElement":[{"@type":"ListItem","position":1,"name":"\u9996\u9875","item":"https:\/\/www.shendadi.com\/"},{"@type":"ListItem","position":2,"name":"\u4e13\u4e1a\u56e2\u961f","item":"https:\/\/www.shendadi.com\/?page_id=41"},{"@type":"ListItem","position":3,"name":"\u962e\u6d77\u5c71\u4e2a\u4eba\u4fe1\u606f"}]},{"@type":"WebSite","@id":"https:\/\/www.shendadi.com\/#website","url":"https:\/\/www.shendadi.com\/","name":"\u8d8a\u5357\u5927\u5730\u5f8b\u5e08\u6709\u9650\u516c\u53f8","description":"\u4e2d\u56fd\u4eba\u81ea\u5df1\u7684\u5f8b\u6240","potentialAction":[{"@type":"SearchAction","target":{"@type":"EntryPoint","urlTemplate":"https:\/\/www.shendadi.com\/?s={search_term_string}"},"query-input":{"@type":"PropertyValueSpecification","valueRequired":true,"valueName":"search_term_string"}}],"inLanguage":"zh-Hans"}]}},"_links":{"self":[{"href":"https:\/\/www.shendadi.com\/index.php?rest_route=\/wp\/v2\/pages\/852","targetHints":{"allow":["GET"]}}],"collection":[{"href":"https:\/\/www.shendadi.com\/index.php?rest_route=\/wp\/v2\/pages"}],"about":[{"href":"https:\/\/www.shendadi.com\/index.php?rest_route=\/wp\/v2\/types\/page"}],"author":[{"embeddable":true,"href":"https:\/\/www.shendadi.com\/index.php?rest_route=\/wp\/v2\/users\/1"}],"replies":[{"embeddable":true,"href":"https:\/\/www.shendadi.com\/index.php?rest_route=%2Fwp%2Fv2%2Fcomments&post=852"}],"version-history":[{"count":10,"href":"https:\/\/www.shendadi.com\/index.php?rest_route=\/wp\/v2\/pages\/852\/revisions"}],"predecessor-version":[{"id":1224,"href":"https:\/\/www.shendadi.com\/index.php?rest_route=\/wp\/v2\/pages\/852\/revisions\/1224"}],"up":[{"embeddable":true,"href":"https:\/\/www.shendadi.com\/index.php?rest_route=\/wp\/v2\/pages\/41"}],"wp:attachment":[{"href":"https:\/\/www.shendadi.com\/index.php?rest_route=%2Fwp%2Fv2%2Fmedia&parent=852"}],"curies":[{"name":"wp","href":"https:\/\/api.w.org\/{rel}","templated":true}]}}