{"id":851,"date":"2025-09-01T23:52:19","date_gmt":"2025-09-01T15:52:19","guid":{"rendered":"https:\/\/www.shendadi.com\/?page_id=851"},"modified":"2025-10-12T21:34:35","modified_gmt":"2025-10-12T13:34:35","slug":"%e9%99%88%e5%ad%9f%e5%bd%ac%e4%b8%aa%e4%ba%ba%e4%bf%a1%e6%81%af","status":"publish","type":"page","link":"https:\/\/www.shendadi.com\/?page_id=851","title":{"rendered":"\u9648\u5b5f\u5f6c\u4e2a\u4eba\u4fe1\u606f"},"content":{"rendered":"\t\t<div data-elementor-type=\"wp-page\" data-elementor-id=\"851\" class=\"elementor elementor-851\">\n\t\t\t\t<div class=\"elementor-element elementor-element-8b4df67 e-con-full e-flex e-con e-parent\" data-id=\"8b4df67\" data-element_type=\"container\">\n\t\t<div class=\"elementor-element elementor-element-dda3dac e-flex e-con-boxed e-con e-child\" data-id=\"dda3dac\" data-element_type=\"container\">\n\t\t\t\t\t<div class=\"e-con-inner\">\n\t\t\t\t<div class=\"elementor-element elementor-element-7aefdbb elementor-widget__width-initial elementor-widget elementor-widget-image\" data-id=\"7aefdbb\" data-element_type=\"widget\" data-widget_type=\"image.default\">\n\t\t\t\t<div class=\"elementor-widget-container\">\n\t\t\t\t\t\t\t\t\t\t\t\t\t\t\t<img fetchpriority=\"high\" decoding=\"async\" width=\"800\" height=\"534\" src=\"https:\/\/www.shendadi.com\/wp-content\/uploads\/2025\/09\/\u9648\u5b5f\u5f6c\u4e13\u804c\u5f8b\u5e081-1024x683.jpg\" class=\"attachment-large size-large wp-image-911\" alt=\"\" srcset=\"https:\/\/www.shendadi.com\/wp-content\/uploads\/2025\/09\/\u9648\u5b5f\u5f6c\u4e13\u804c\u5f8b\u5e081-1024x683.jpg 1024w, https:\/\/www.shendadi.com\/wp-content\/uploads\/2025\/09\/\u9648\u5b5f\u5f6c\u4e13\u804c\u5f8b\u5e081-300x200.jpg 300w, https:\/\/www.shendadi.com\/wp-content\/uploads\/2025\/09\/\u9648\u5b5f\u5f6c\u4e13\u804c\u5f8b\u5e081-768x512.jpg 768w, https:\/\/www.shendadi.com\/wp-content\/uploads\/2025\/09\/\u9648\u5b5f\u5f6c\u4e13\u804c\u5f8b\u5e081.jpg 1080w\" sizes=\"(max-width: 800px) 100vw, 800px\" \/>\t\t\t\t\t\t\t\t\t\t\t\t\t\t\t<\/div>\n\t\t\t\t<\/div>\n\t\t\t\t<div class=\"elementor-element elementor-element-e5ed694 elementor-widget elementor-widget-text-editor\" data-id=\"e5ed694\" data-element_type=\"widget\" data-widget_type=\"text-editor.default\">\n\t\t\t\t<div class=\"elementor-widget-container\">\n\t\t\t\t\t\t\t\t\t<h2 style=\"text-align: left;\">\u9648\u5b5f\u5f6c\u5f8b\u5e08\u00a0 \u00a0<span style=\"color: #000000; font-family: \u5fae\u8f6f\u96c5\u9ed1; font-size: 14pt; font-weight: var( --e-global-typography-text-font-weight ); text-align: var(--text-align);\">\u8de8\u5883\u6295\u8d44\u6cd5\u5f8b\u4e8b\u52a1\u4e13\u5bb6<\/span><\/h2>\t\t\t\t\t\t\t\t<\/div>\n\t\t\t\t<\/div>\n\t\t\t\t<div class=\"elementor-element elementor-element-d5d247d elementor-widget elementor-widget-text-editor\" data-id=\"d5d247d\" data-element_type=\"widget\" data-widget_type=\"text-editor.default\">\n\t\t\t\t<div class=\"elementor-widget-container\">\n\t\t\t\t\t\t\t\t\t<p><strong><b>Lu\u1eadt s\u01b0 \u00a0CHEN MENGBIN (Tr\u1ea7n M\u1ea1nh B\u00e2n) \u00a0\u2013 Chuy\u00ean gia ph\u00e1p l\u00fd trong l\u0129nh v\u1ef1c \u0111\u1ea7u t\u01b0 xuy<\/b><\/strong><strong><b>\u00ea<\/b><\/strong><strong><b>n bi<\/b><\/strong><strong><b>\u00ea<\/b><\/strong><strong><b>n gi\u1edbi<\/b><\/strong><\/p>\t\t\t\t\t\t\t\t<\/div>\n\t\t\t\t<\/div>\n\t\t\t\t<div class=\"elementor-element elementor-element-b179870 elementor-widget elementor-widget-text-editor\" data-id=\"b179870\" data-element_type=\"widget\" data-widget_type=\"text-editor.default\">\n\t\t\t\t<div class=\"elementor-widget-container\">\n\t\t\t\t\t\t\t\t\t<p>\u5e7f\u4e1c\u6df1\u5927\u5730\u5f8b\u5e08\u4e8b\u52a1\u6240\u5408\u4f19\u4eba\u3001\u515a\u652f\u90e8\u4e66\u8bb0\uff0c\u8d8a\u5357\u5927\u5730\u5f8b\u5e08\u6709\u9650\u516c\u53f8\u521b\u59cb\u4eba\u6267\u884c\u8463\u4e8b<\/p>\t\t\t\t\t\t\t\t<\/div>\n\t\t\t\t<\/div>\n\t\t\t\t<div class=\"elementor-element elementor-element-bb08f3b elementor-widget__width-initial elementor-widget elementor-widget-text-editor\" data-id=\"bb08f3b\" data-element_type=\"widget\" data-widget_type=\"text-editor.default\">\n\t\t\t\t<div class=\"elementor-widget-container\">\n\t\t\t\t\t\t\t\t\t<p>\u00a0 \u00a0 \u00a0 \u00a0\u6df1\u5733\u5e02\u5f8b\u5e08\u534f\u4f1a\u6d77\u4e8b\u6d77\u5546\u4e13\u4e1a\u59d4\u5458\u4f1a\u59d4\u5458\uff0c\u6b66\u6c49\u5927\u5b66\u8bc9\u8bbc\u6cd5\u5b66\u7855\u58eb\u7814\u7a76\u751f\u3002\u540c\u65f6\u62e5\u6709\u4e2d\u8d8a\u4e24\u4e2a\u56fd\u5bb6\u5f8b\u5e08\u6267\u4e1a\u8bb8\u53ef\u8bc1\uff08\u8d8a\u5357\u53f8\u6cd5\u90e8\u6279\u51c6\uff09\uff0c\u719f\u6089\u4e24\u56fd\u6cd5\u5f8b\u4f53\u7cfb\u53ca\u6587\u5316\u5dee\u5f02\uff0c\u80fd\u6709\u6548\u8854\u63a5\u4e2d\u8d8a\u6cd5\u5f8b\u5b9e\u8df5\u4e2d\u7684\u6c9f\u58d1\u3002\u81ea2016\u5e74\u4ece\u4e8b\u4e13\u804c\u5f8b\u5e08\u4ee5\u6765\uff0c\u4e3a\u4f17\u591a\u4f01\u4e1a\u8de8\u5883\u6295\u8d44\u63d0\u4f9b\u4e13\u9879\u6cd5\u5f8b\u670d\u52a1\uff0c\u73b0\u4e3a\u8d8a\u5357\u5927\u5730\u5f8b\u5e08\u6709\u9650\u516c\u53f8\u80e1\u5fd7\u660e\u603b\u90e8\u4e2d\u8d8a\u4e24\u56fd\u5f8b\u5e08\u56e2\u6210\u5458\u3002<\/p>\t\t\t\t\t\t\t\t<\/div>\n\t\t\t\t<\/div>\n\t\t\t\t<div class=\"elementor-element elementor-element-c253759 elementor-widget__width-initial elementor-widget elementor-widget-text-editor\" data-id=\"c253759\" data-element_type=\"widget\" data-widget_type=\"text-editor.default\">\n\t\t\t\t<div class=\"elementor-widget-container\">\n\t\t\t\t\t\t\t\t\t<p>Lu\u1eadt s\u01b0 <strong><b>CHEN MENGBIN <\/b><\/strong><strong><b>(<\/b><\/strong>Tr\u1ea7n M\u1ea1nh B\u00e2n\u00a0), \u0111\u1ed1i t\u00e1c c\u1ee7a V\u0103n ph\u00f2ng Lu\u1eadt s\u01b0 Shendadi, \u00a0Qu\u1ea3ng \u0110\u00f4ng, B\u00ed th\u01b0 chi b\u1ed9 \u0110\u1ea3ng; ng\u01b0\u1eddi s\u00e1ng l\u1eadp ki\u00eam Gi\u00e1m \u0111\u1ed1c \u0111i\u1ec1u h\u00e0nh c\u1ee7a C\u00f4ng ty Lu\u1eadt TNHH \u0110\u1ea1i \u0110\u1ecba Vi\u1ec7t Nam; \u1ee7y vi\u00ean c\u1ee7a \u1ee6y ban chuy\u00ean m\u00f4n H\u00e0ng h\u1ea3i v\u00e0 th\u01b0\u01a1ng m\u1ea1i thu\u1ed9c H\u1ed9i Lu\u1eadt s\u01b0 th\u00e0nh ph\u1ed1 Th\u00e2m Quy\u1ebfn; th\u1ea1c s\u0129 nghi\u00ean c\u1ee9u chuy\u00ean ng\u00e0nh Lu\u1eadt T\u1ed1 t\u1ee5ng t\u1ea1i \u0110\u1ea1i h\u1ecdc V\u0169 H\u00e1n.<\/p><p>\u0110\u1ed3ng th\u1eddi s\u1edf h\u1eefu gi\u1ea5y ph\u00e9p h\u00e0nh ngh\u1ec1 lu\u1eadt s\u01b0 t\u1ea1i c\u1ea3 Trung Qu\u1ed1c v\u00e0 Vi\u1ec7t Nam (\u0111\u01b0\u1ee3c B\u1ed9 T\u01b0 ph\u00e1p Vi\u1ec7t Nam ph\u00ea duy\u1ec7t), \u00f4ng am hi\u1ec3u h\u1ec7 th\u1ed1ng ph\u00e1p lu\u1eadt v\u00e0 s\u1ef1 kh\u00e1c bi\u1ec7t v\u0103n h\u00f3a gi\u1eefa hai n\u01b0\u1edbc, c\u00f3 th\u1ec3 k\u1ebft n\u1ed1i hi\u1ec7u qu\u1ea3 v\u00e0 kh\u1eafc ph\u1ee5c c\u00e1c kho\u1ea3ng c\u00e1ch t\u1ed3n t\u1ea1i trong th\u1ef1c ti\u1ec5n ph\u00e1p l\u00fd Trung \u2013 Vi\u1ec7t.<\/p><p>K\u1ec3 t\u1eeb n\u0103m 2016 khi b\u1eaft \u0111\u1ea7u h\u00e0nh ngh\u1ec1 lu\u1eadt s\u01b0 chuy\u00ean nghi\u1ec7p, \u00f4ng \u0111\u00e3 cung c\u1ea5p d\u1ecbch v\u1ee5 ph\u00e1p l\u00fd chuy\u00ean s\u00e2u v\u1ec1 \u0111\u1ea7u t\u01b0 xuy\u00ean bi\u00ean gi\u1edbi cho nhi\u1ec1u doanh nghi\u1ec7p, hi\u1ec7n l\u00e0 th\u00e0nh vi\u00ean c\u1ee7a \u0111\u1ed9i ng\u0169 lu\u1eadt s\u01b0 Trung \u2013 Vi\u1ec7t t\u1ea1i tr\u1ee5 s\u1edf ch\u00ednh TP.HCM c\u1ee7a C\u00f4ng ty Lu\u1eadt TNHH \u0110\u1ea1i \u0110\u1ecba Vi\u1ec7t Nam.<\/p>\t\t\t\t\t\t\t\t<\/div>\n\t\t\t\t<\/div>\n\t\t\t\t\t<\/div>\n\t\t\t\t<\/div>\n\t\t\t\t<\/div>\n\t\t<div class=\"elementor-element elementor-element-41e2f2b e-flex e-con-boxed e-con e-parent\" data-id=\"41e2f2b\" data-element_type=\"container\">\n\t\t\t\t\t<div class=\"e-con-inner\">\n\t\t\t\t\t<\/div>\n\t\t\t\t<\/div>\n\t\t\t\t<\/div>\n\t\t","protected":false},"excerpt":{"rendered":"<p>\u9648\u5b5f\u5f6c\u5f8b\u5e08\u00a0 \u00a0\u8de8\u5883\u6295\u8d44\u6cd5\u5f8b\u4e8b\u52a1\u4e13\u5bb6 Lu\u1eadt s\u01b0 \u00a0CHEN MENGBIN (Tr\u1ea7n M\u1ea1nh B\u00e2n [&hellip;]<\/p>\n","protected":false},"author":1,"featured_media":0,"parent":41,"menu_order":0,"comment_status":"closed","ping_status":"closed","template":"elementor_header_footer","meta":{"_eb_attr":"","footnotes":""},"class_list":["post-851","page","type-page","status-publish","hentry"],"yoast_head":"<!-- This site is optimized with the Yoast SEO plugin v26.2 - https:\/\/yoast.com\/wordpress\/plugins\/seo\/ -->\n<title>\u9648\u5b5f\u5f6c\u4e2a\u4eba\u4fe1\u606f - \u8d8a\u5357\u5927\u5730\u5f8b\u5e08\u6709\u9650\u516c\u53f8<\/title>\n<meta name=\"robots\" content=\"index, follow, max-snippet:-1, max-image-preview:large, max-video-preview:-1\" \/>\n<link rel=\"canonical\" href=\"https:\/\/www.shendadi.com\/?page_id=851\" \/>\n<meta property=\"og:locale\" content=\"zh_CN\" \/>\n<meta property=\"og:type\" content=\"article\" \/>\n<meta property=\"og:title\" content=\"\u9648\u5b5f\u5f6c\u4e2a\u4eba\u4fe1\u606f - \u8d8a\u5357\u5927\u5730\u5f8b\u5e08\u6709\u9650\u516c\u53f8\" \/>\n<meta property=\"og:description\" content=\"\u9648\u5b5f\u5f6c\u5f8b\u5e08\u00a0 \u00a0\u8de8\u5883\u6295\u8d44\u6cd5\u5f8b\u4e8b\u52a1\u4e13\u5bb6 Lu\u1eadt s\u01b0 \u00a0CHEN MENGBIN (Tr\u1ea7n M\u1ea1nh B\u00e2n [&hellip;]\" \/>\n<meta property=\"og:url\" content=\"https:\/\/www.shendadi.com\/?page_id=851\" \/>\n<meta property=\"og:site_name\" content=\"\u8d8a\u5357\u5927\u5730\u5f8b\u5e08\u6709\u9650\u516c\u53f8\" \/>\n<meta property=\"article:modified_time\" content=\"2025-10-12T13:34:35+00:00\" \/>\n<meta name=\"twitter:card\" content=\"summary_large_image\" \/>\n<meta name=\"twitter:label1\" content=\"\u9884\u8ba1\u9605\u8bfb\u65f6\u95f4\" \/>\n\t<meta name=\"twitter:data1\" content=\"2 \u5206\" \/>\n<script type=\"application\/ld+json\" class=\"yoast-schema-graph\">{\"@context\":\"https:\/\/schema.org\",\"@graph\":[{\"@type\":\"WebPage\",\"@id\":\"https:\/\/www.shendadi.com\/?page_id=851\",\"url\":\"https:\/\/www.shendadi.com\/?page_id=851\",\"name\":\"\u9648\u5b5f\u5f6c\u4e2a\u4eba\u4fe1\u606f - \u8d8a\u5357\u5927\u5730\u5f8b\u5e08\u6709\u9650\u516c\u53f8\",\"isPartOf\":{\"@id\":\"https:\/\/www.shendadi.com\/#website\"},\"datePublished\":\"2025-09-01T15:52:19+00:00\",\"dateModified\":\"2025-10-12T13:34:35+00:00\",\"breadcrumb\":{\"@id\":\"https:\/\/www.shendadi.com\/?page_id=851#breadcrumb\"},\"inLanguage\":\"zh-Hans\",\"potentialAction\":[{\"@type\":\"ReadAction\",\"target\":[\"https:\/\/www.shendadi.com\/?page_id=851\"]}]},{\"@type\":\"BreadcrumbList\",\"@id\":\"https:\/\/www.shendadi.com\/?page_id=851#breadcrumb\",\"itemListElement\":[{\"@type\":\"ListItem\",\"position\":1,\"name\":\"\u9996\u9875\",\"item\":\"https:\/\/www.shendadi.com\/\"},{\"@type\":\"ListItem\",\"position\":2,\"name\":\"\u4e13\u4e1a\u56e2\u961f\",\"item\":\"https:\/\/www.shendadi.com\/?page_id=41\"},{\"@type\":\"ListItem\",\"position\":3,\"name\":\"\u9648\u5b5f\u5f6c\u4e2a\u4eba\u4fe1\u606f\"}]},{\"@type\":\"WebSite\",\"@id\":\"https:\/\/www.shendadi.com\/#website\",\"url\":\"https:\/\/www.shendadi.com\/\",\"name\":\"\u8d8a\u5357\u5927\u5730\u5f8b\u5e08\u6709\u9650\u516c\u53f8\",\"description\":\"\u4e2d\u56fd\u4eba\u81ea\u5df1\u7684\u5f8b\u6240\",\"potentialAction\":[{\"@type\":\"SearchAction\",\"target\":{\"@type\":\"EntryPoint\",\"urlTemplate\":\"https:\/\/www.shendadi.com\/?s={search_term_string}\"},\"query-input\":{\"@type\":\"PropertyValueSpecification\",\"valueRequired\":true,\"valueName\":\"search_term_string\"}}],\"inLanguage\":\"zh-Hans\"}]}<\/script>\n<!-- \/ Yoast SEO plugin. -->","yoast_head_json":{"title":"\u9648\u5b5f\u5f6c\u4e2a\u4eba\u4fe1\u606f - \u8d8a\u5357\u5927\u5730\u5f8b\u5e08\u6709\u9650\u516c\u53f8","robots":{"index":"index","follow":"follow","max-snippet":"max-snippet:-1","max-image-preview":"max-image-preview:large","max-video-preview":"max-video-preview:-1"},"canonical":"https:\/\/www.shendadi.com\/?page_id=851","og_locale":"zh_CN","og_type":"article","og_title":"\u9648\u5b5f\u5f6c\u4e2a\u4eba\u4fe1\u606f - \u8d8a\u5357\u5927\u5730\u5f8b\u5e08\u6709\u9650\u516c\u53f8","og_description":"\u9648\u5b5f\u5f6c\u5f8b\u5e08\u00a0 \u00a0\u8de8\u5883\u6295\u8d44\u6cd5\u5f8b\u4e8b\u52a1\u4e13\u5bb6 Lu\u1eadt s\u01b0 \u00a0CHEN MENGBIN (Tr\u1ea7n M\u1ea1nh B\u00e2n [&hellip;]","og_url":"https:\/\/www.shendadi.com\/?page_id=851","og_site_name":"\u8d8a\u5357\u5927\u5730\u5f8b\u5e08\u6709\u9650\u516c\u53f8","article_modified_time":"2025-10-12T13:34:35+00:00","twitter_card":"summary_large_image","twitter_misc":{"\u9884\u8ba1\u9605\u8bfb\u65f6\u95f4":"2 \u5206"},"schema":{"@context":"https:\/\/schema.org","@graph":[{"@type":"WebPage","@id":"https:\/\/www.shendadi.com\/?page_id=851","url":"https:\/\/www.shendadi.com\/?page_id=851","name":"\u9648\u5b5f\u5f6c\u4e2a\u4eba\u4fe1\u606f - \u8d8a\u5357\u5927\u5730\u5f8b\u5e08\u6709\u9650\u516c\u53f8","isPartOf":{"@id":"https:\/\/www.shendadi.com\/#website"},"datePublished":"2025-09-01T15:52:19+00:00","dateModified":"2025-10-12T13:34:35+00:00","breadcrumb":{"@id":"https:\/\/www.shendadi.com\/?page_id=851#breadcrumb"},"inLanguage":"zh-Hans","potentialAction":[{"@type":"ReadAction","target":["https:\/\/www.shendadi.com\/?page_id=851"]}]},{"@type":"BreadcrumbList","@id":"https:\/\/www.shendadi.com\/?page_id=851#breadcrumb","itemListElement":[{"@type":"ListItem","position":1,"name":"\u9996\u9875","item":"https:\/\/www.shendadi.com\/"},{"@type":"ListItem","position":2,"name":"\u4e13\u4e1a\u56e2\u961f","item":"https:\/\/www.shendadi.com\/?page_id=41"},{"@type":"ListItem","position":3,"name":"\u9648\u5b5f\u5f6c\u4e2a\u4eba\u4fe1\u606f"}]},{"@type":"WebSite","@id":"https:\/\/www.shendadi.com\/#website","url":"https:\/\/www.shendadi.com\/","name":"\u8d8a\u5357\u5927\u5730\u5f8b\u5e08\u6709\u9650\u516c\u53f8","description":"\u4e2d\u56fd\u4eba\u81ea\u5df1\u7684\u5f8b\u6240","potentialAction":[{"@type":"SearchAction","target":{"@type":"EntryPoint","urlTemplate":"https:\/\/www.shendadi.com\/?s={search_term_string}"},"query-input":{"@type":"PropertyValueSpecification","valueRequired":true,"valueName":"search_term_string"}}],"inLanguage":"zh-Hans"}]}},"_links":{"self":[{"href":"https:\/\/www.shendadi.com\/index.php?rest_route=\/wp\/v2\/pages\/851","targetHints":{"allow":["GET"]}}],"collection":[{"href":"https:\/\/www.shendadi.com\/index.php?rest_route=\/wp\/v2\/pages"}],"about":[{"href":"https:\/\/www.shendadi.com\/index.php?rest_route=\/wp\/v2\/types\/page"}],"author":[{"embeddable":true,"href":"https:\/\/www.shendadi.com\/index.php?rest_route=\/wp\/v2\/users\/1"}],"replies":[{"embeddable":true,"href":"https:\/\/www.shendadi.com\/index.php?rest_route=%2Fwp%2Fv2%2Fcomments&post=851"}],"version-history":[{"count":14,"href":"https:\/\/www.shendadi.com\/index.php?rest_route=\/wp\/v2\/pages\/851\/revisions"}],"predecessor-version":[{"id":1221,"href":"https:\/\/www.shendadi.com\/index.php?rest_route=\/wp\/v2\/pages\/851\/revisions\/1221"}],"up":[{"embeddable":true,"href":"https:\/\/www.shendadi.com\/index.php?rest_route=\/wp\/v2\/pages\/41"}],"wp:attachment":[{"href":"https:\/\/www.shendadi.com\/index.php?rest_route=%2Fwp%2Fv2%2Fmedia&parent=851"}],"curies":[{"name":"wp","href":"https:\/\/api.w.org\/{rel}","templated":true}]}}