{"id":808,"date":"2025-09-01T23:40:02","date_gmt":"2025-09-01T15:40:02","guid":{"rendered":"https:\/\/www.shendadi.com\/?page_id=808"},"modified":"2025-10-12T21:36:50","modified_gmt":"2025-10-12T13:36:50","slug":"%e7%8e%8b%e4%bf%9d%e6%9e%97%e4%b8%aa%e4%ba%ba%e4%bf%a1%e6%81%af","status":"publish","type":"page","link":"https:\/\/www.shendadi.com\/?page_id=808","title":{"rendered":"\u738b\u4fdd\u6797\u4e2a\u4eba\u4fe1\u606f"},"content":{"rendered":"\t\t<div data-elementor-type=\"wp-page\" data-elementor-id=\"808\" class=\"elementor elementor-808\">\n\t\t\t\t<div class=\"elementor-element elementor-element-8b4df67 e-con-full e-flex e-con e-parent\" data-id=\"8b4df67\" data-element_type=\"container\">\n\t\t<div class=\"elementor-element elementor-element-d66e336 e-flex e-con-boxed e-con e-child\" data-id=\"d66e336\" data-element_type=\"container\">\n\t\t\t\t\t<div class=\"e-con-inner\">\n\t\t\t\t<div class=\"elementor-element elementor-element-d7a2d5e elementor-widget__width-initial elementor-widget elementor-widget-image\" data-id=\"d7a2d5e\" data-element_type=\"widget\" data-widget_type=\"image.default\">\n\t\t\t\t<div class=\"elementor-widget-container\">\n\t\t\t\t\t\t\t\t\t\t\t\t\t\t\t<img fetchpriority=\"high\" decoding=\"async\" width=\"800\" height=\"580\" src=\"https:\/\/www.shendadi.com\/wp-content\/uploads\/2025\/09\/106b9268a807e57f9a1cac16b2589645-1024x742.png\" class=\"attachment-large size-large wp-image-880\" alt=\"\" srcset=\"https:\/\/www.shendadi.com\/wp-content\/uploads\/2025\/09\/106b9268a807e57f9a1cac16b2589645-1024x742.png 1024w, https:\/\/www.shendadi.com\/wp-content\/uploads\/2025\/09\/106b9268a807e57f9a1cac16b2589645-300x217.png 300w, https:\/\/www.shendadi.com\/wp-content\/uploads\/2025\/09\/106b9268a807e57f9a1cac16b2589645-768x557.png 768w, https:\/\/www.shendadi.com\/wp-content\/uploads\/2025\/09\/106b9268a807e57f9a1cac16b2589645.png 1253w\" sizes=\"(max-width: 800px) 100vw, 800px\" \/>\t\t\t\t\t\t\t\t\t\t\t\t\t\t\t<\/div>\n\t\t\t\t<\/div>\n\t\t\t\t<div class=\"elementor-element elementor-element-8db12a2 elementor-widget elementor-widget-text-editor\" data-id=\"8db12a2\" data-element_type=\"widget\" data-widget_type=\"text-editor.default\">\n\t\t\t\t<div class=\"elementor-widget-container\">\n\t\t\t\t\t\t\t\t\t<h2 style=\"text-align: left;\">\u738b\u4fdd\u6797\u5f8b\u5e08\u00a0 \u00a0<span style=\"color: #000000; font-family: \u5fae\u8f6f\u96c5\u9ed1; font-size: 14pt; font-weight: var( --e-global-typography-text-font-weight ); text-align: var(--text-align);\">\u8de8\u5883\u6c11\u5546\u4e8b\u6cd5\u5f8b\u4e8b\u52a1\u4e13\u5bb6<\/span><\/h2>\t\t\t\t\t\t\t\t<\/div>\n\t\t\t\t<\/div>\n\t\t\t\t<div class=\"elementor-element elementor-element-26782e9 elementor-widget elementor-widget-text-editor\" data-id=\"26782e9\" data-element_type=\"widget\" data-widget_type=\"text-editor.default\">\n\t\t\t\t<div class=\"elementor-widget-container\">\n\t\t\t\t\t\t\t\t\t<p class=\"15\" style=\"margin-bottom: 3pt; line-height: 130%;\"><span style=\"mso-spacerun: 'yes'; font-family: 'Times New Roman'; mso-fareast-font-family: \u4eff\u5b8b; line-height: 130%; font-size: 14.0000pt; mso-font-kerning: 1.0000pt;\">Lu\u1eadt s\u01b0 \u00a0<\/span><span style=\"mso-spacerun: 'yes'; font-family: 'Times New Roman'; mso-fareast-font-family: \u4eff\u5b8b; line-height: 130%; font-size: 14.0000pt; mso-font-kerning: 1.0000pt;\">WANG BAO LIN (<\/span><span style=\"mso-spacerun: 'yes'; font-family: 'Times New Roman'; mso-fareast-font-family: \u4eff\u5b8b; line-height: 130%; font-size: 14.0000pt; mso-font-kerning: 1.0000pt;\">V\u01b0\u01a1ng B\u1ea3o L\u00e2m) \u2013 Chuy\u00ean gia ph\u00e1p l\u00fd v\u1ec1 d\u00e2n s\u1ef1 v\u00e0 th\u01b0\u01a1ng m\u1ea1i xuy\u00ean bi\u00ean gi\u1edbi<\/span><\/p>\t\t\t\t\t\t\t\t<\/div>\n\t\t\t\t<\/div>\n\t\t\t\t<div class=\"elementor-element elementor-element-cdaa1a5 elementor-widget elementor-widget-text-editor\" data-id=\"cdaa1a5\" data-element_type=\"widget\" data-widget_type=\"text-editor.default\">\n\t\t\t\t<div class=\"elementor-widget-container\">\n\t\t\t\t\t\t\t\t\t<p>\u5e7f\u4e1c\u6df1\u5927\u5730\u5f8b\u5e08\u4e8b\u52a1\u6240\u5408\u4f19\u4eba\u00a0 \u00a0 \u8d8a\u5357\u5927\u5730\u5f8b\u5e08\u6709\u9650\u516c\u53f8\u521b\u59cb\u4eba\u6267\u884c\u8463\u4e8b<\/p>\t\t\t\t\t\t\t\t<\/div>\n\t\t\t\t<\/div>\n\t\t\t\t<div class=\"elementor-element elementor-element-4648130 elementor-widget__width-initial elementor-widget elementor-widget-text-editor\" data-id=\"4648130\" data-element_type=\"widget\" data-widget_type=\"text-editor.default\">\n\t\t\t\t<div class=\"elementor-widget-container\">\n\t\t\t\t\t\t\t\t\t<p>\u56fd\u9645\u72ee\u5b50\u4f1a380\u533a\u6df1\u5733\u72ee\u5b50\u4f1a\u884c\u77e5\u670d\u52a1\u961f\u521b\u4f1a\u4f1a\u957f\uff0c\u4e2d\u56fd\u4e00\u7ea7\u54c1\u9152\u5e08\u00a0\uff0c\u4e2d\u56fd\u9ad8\u7ea7\u5408\u89c4\u3002\u540c\u65f6\u62e5\u6709\u4e2d\u8d8a\u4e24\u4e2a\u56fd\u5bb6\u5f8b\u5e08\u6267\u4e1a\u8bb8\u53ef\u8bc1\uff08\u8d8a\u5357\u53f8\u6cd5\u90e8\u6279\u51c6\uff09\uff0c\u719f\u6089\u4e24\u56fd\u6cd5\u5f8b\u4f53\u7cfb\u53ca\u6587\u5316\u5dee\u5f02\uff0c\u80fd\u6709\u6548\u8854\u63a5\u4e2d\u8d8a\u6cd5\u5f8b\u5b9e\u8df5\u4e2d\u7684\u6c9f\u58d1\u3002\u81ea1994\u5e74\u4ece\u4e8b\u4e13\u804c\u5f8b\u5e08\u4ee5\u6765\uff0c\u4e3a\u4f17\u591a\u5e7f\u4e1c\u4f01\u4e1a\u51fa\u6d77\u4e1c\u5357\u4e9a\u7279\u522b\u662f\u8d8a\u5357\u63d0\u4f9b\u4e13\u9879\u6cd5\u5f8b\u670d\u52a1\uff0c\u73b0\u5728\u8d8a\u5357\u5927\u5730\u5f8b\u5e08\u6709\u9650\u516c\u53f8\u603b\u90e8\u80e1\u5fd7\u660e\u5e02\u8fd0\u8425\u7ba1\u7406\u4e2d\u8d8a\u4e24\u56fd\u7684\u5f8b\u5e08\u56e2\u961f\u3002<\/p>\t\t\t\t\t\t\t\t<\/div>\n\t\t\t\t<\/div>\n\t\t\t\t<div class=\"elementor-element elementor-element-b931164 elementor-widget__width-initial elementor-widget elementor-widget-text-editor\" data-id=\"b931164\" data-element_type=\"widget\" data-widget_type=\"text-editor.default\">\n\t\t\t\t<div class=\"elementor-widget-container\">\n\t\t\t\t\t\t\t\t\t<h5>\u00a0 \u00a0 \u00a0 \u00a0\u00d4ng l\u00e0 \u0111\u1ed1i t\u00e1c c\u1ee7a C\u00f4ng ty Lu\u1eadt Shendadi Qu\u1ea3ng \u0110\u00f4ng, \u0111\u1ed3ng s\u00e1ng l\u1eadp ki\u00eam Gi\u00e1m \u0111\u1ed1c \u0111i\u1ec1u h\u00e0nh C\u00f4ng ty Lu\u1eadt TNHH \u0110\u1ea1i \u0110\u1ecba Vi\u1ec7t Nam, \u0111\u1ed3ng th\u1eddi l\u00e0 Ch\u1ee7 t\u1ecbch s\u00e1ng l\u1eadp \u0110\u00f4\u0323i nho\u0301m D\u1ecbch v\u1ee5 H\u00e0nh Tri thu\u1ed9c H\u00f4\u0323i S\u01b0 t\u1eed Th\u00e2m Quy\u1ebfn, Khu v\u1ef1c 380 H\u00f4\u0323i S\u01b0 T\u01b0\u0309 Qu\u00f4\u0301c T\u00ea\u0301 . Ngo\u00e0i ra, \u00f4ng c\u00f2n l\u00e0 \u00a0Chuy\u00ean gia ph\u00e2\u0309m r\u01b0\u01a1\u0323u c\u00e2\u0301p 1 Qu\u00f4\u0301c Gia c\u1ee7a Trung Qu\u1ed1c v\u00e0 chuy\u00ean gia tu\u00e2n th\u1ee7 c\u1ea5p cao t\u1ea1i Trung Qu\u1ed1c.\u0110\u1ed3ng th\u1eddi s\u1edf h\u1eefu gi\u1ea5y ph\u00e9p h\u00e0nh ngh\u1ec1 lu\u1eadt s\u01b0 t\u1ea1i c\u1ea3 Trung Qu\u1ed1c v\u00e0 Vi\u1ec7t Nam\u00a0(\u0111\u01b0\u1ee3c B\u1ed9 T\u01b0 ph\u00e1p Vi\u1ec7t Nam ph\u00ea duy\u1ec7t),Am hi\u1ec3u h\u1ec7 th\u1ed1ng ph\u00e1p lu\u1eadt c\u1ee7a c\u1ea3 hai qu\u1ed1c gia v\u00e0 s\u1ef1 kh\u00e1c bi\u1ec7t v\u1ec1 v\u0103n h\u00f3a, c\u00f3 th\u1ec3 k\u1ebft n\u1ed1i hi\u1ec7u qu\u1ea3 v\u00e0 thu h\u1eb9p kho\u1ea3ng c\u00e1ch trong th\u1ef1c ti\u1ec5n ph\u00e1p l\u00fd gi\u1eefa Trung \u2013 Vi\u1ec7t.\u00a0T\u1eeb n\u0103m 1994, b\u1eaft \u0111\u1ea7u h\u00e0nh ngh\u1ec1 lu\u1eadt s\u01b0 chuy\u00ean nghi\u1ec7p,Cung c\u1ea5p d\u1ecbch v\u1ee5 ph\u00e1p l\u00fd chuy\u00ean bi\u1ec7t cho nhi\u1ec1u doanh nghi\u1ec7p t\u1ea1i Qu\u1ea3ng \u0110\u00f4ng m\u1edf r\u1ed9ng ho\u1ea1t \u0111\u1ed9ng ra \u0110\u00f4ng Nam \u00c1, \u0111\u1eb7c bi\u1ec7t l\u00e0 Vi\u1ec7t Nam.Hi\u1ec7n nay, tr\u1ef1c ti\u1ebfp v\u1eadn h\u00e0nh v\u00e0 qu\u1ea3n l\u00fd \u0111\u1ed9i ng\u0169 lu\u1eadt s\u01b0 Trung \u2013 Vi\u1ec7t\u00a0t\u1ea1i tr\u1ee5 s\u1edf TP. H\u1ed3 Ch\u00ed Minh\u00a0c\u1ee7a C\u00f4ng ty Lu\u1eadt TNHH \u0110\u1ea1i \u0110\u1ecba Vi\u1ec7t Nam.<\/h5>\t\t\t\t\t\t\t\t<\/div>\n\t\t\t\t<\/div>\n\t\t\t\t\t<\/div>\n\t\t\t\t<\/div>\n\t\t\t\t<\/div>\n\t\t<div class=\"elementor-element elementor-element-bd7f4f2 e-flex e-con-boxed e-con e-parent\" data-id=\"bd7f4f2\" data-element_type=\"container\">\n\t\t\t\t\t<div class=\"e-con-inner\">\n\t\t\t\t\t<\/div>\n\t\t\t\t<\/div>\n\t\t\t\t<\/div>\n\t\t","protected":false},"excerpt":{"rendered":"<p>\u738b\u4fdd\u6797\u5f8b\u5e08\u00a0 \u00a0\u8de8\u5883\u6c11\u5546\u4e8b\u6cd5\u5f8b\u4e8b\u52a1\u4e13\u5bb6 Lu\u1eadt s\u01b0 \u00a0WANG BAO LIN (V\u01b0\u01a1ng B\u1ea3o L\u00e2 [&hellip;]<\/p>\n","protected":false},"author":1,"featured_media":0,"parent":41,"menu_order":0,"comment_status":"closed","ping_status":"closed","template":"elementor_header_footer","meta":{"_eb_attr":"","footnotes":""},"class_list":["post-808","page","type-page","status-publish","hentry"],"yoast_head":"<!-- This site is optimized with the Yoast SEO plugin v26.2 - https:\/\/yoast.com\/wordpress\/plugins\/seo\/ -->\n<title>\u738b\u4fdd\u6797\u4e2a\u4eba\u4fe1\u606f - \u8d8a\u5357\u5927\u5730\u5f8b\u5e08\u6709\u9650\u516c\u53f8<\/title>\n<meta name=\"robots\" content=\"index, follow, max-snippet:-1, max-image-preview:large, max-video-preview:-1\" \/>\n<link rel=\"canonical\" href=\"https:\/\/www.shendadi.com\/?page_id=808\" \/>\n<meta property=\"og:locale\" content=\"zh_CN\" \/>\n<meta property=\"og:type\" content=\"article\" \/>\n<meta property=\"og:title\" content=\"\u738b\u4fdd\u6797\u4e2a\u4eba\u4fe1\u606f - \u8d8a\u5357\u5927\u5730\u5f8b\u5e08\u6709\u9650\u516c\u53f8\" \/>\n<meta property=\"og:description\" content=\"\u738b\u4fdd\u6797\u5f8b\u5e08\u00a0 \u00a0\u8de8\u5883\u6c11\u5546\u4e8b\u6cd5\u5f8b\u4e8b\u52a1\u4e13\u5bb6 Lu\u1eadt s\u01b0 \u00a0WANG BAO LIN (V\u01b0\u01a1ng B\u1ea3o L\u00e2 [&hellip;]\" \/>\n<meta property=\"og:url\" content=\"https:\/\/www.shendadi.com\/?page_id=808\" \/>\n<meta property=\"og:site_name\" content=\"\u8d8a\u5357\u5927\u5730\u5f8b\u5e08\u6709\u9650\u516c\u53f8\" \/>\n<meta property=\"article:modified_time\" content=\"2025-10-12T13:36:50+00:00\" \/>\n<meta property=\"og:image\" content=\"https:\/\/www.shendadi.com\/wp-content\/uploads\/2025\/09\/106b9268a807e57f9a1cac16b2589645.png\" \/>\n\t<meta property=\"og:image:width\" content=\"1253\" \/>\n\t<meta property=\"og:image:height\" content=\"908\" \/>\n\t<meta property=\"og:image:type\" content=\"image\/png\" \/>\n<meta name=\"twitter:card\" content=\"summary_large_image\" \/>\n<meta name=\"twitter:label1\" content=\"\u9884\u8ba1\u9605\u8bfb\u65f6\u95f4\" \/>\n\t<meta name=\"twitter:data1\" content=\"2 \u5206\" \/>\n<script type=\"application\/ld+json\" class=\"yoast-schema-graph\">{\"@context\":\"https:\/\/schema.org\",\"@graph\":[{\"@type\":\"WebPage\",\"@id\":\"https:\/\/www.shendadi.com\/?page_id=808\",\"url\":\"https:\/\/www.shendadi.com\/?page_id=808\",\"name\":\"\u738b\u4fdd\u6797\u4e2a\u4eba\u4fe1\u606f - \u8d8a\u5357\u5927\u5730\u5f8b\u5e08\u6709\u9650\u516c\u53f8\",\"isPartOf\":{\"@id\":\"https:\/\/www.shendadi.com\/#website\"},\"primaryImageOfPage\":{\"@id\":\"https:\/\/www.shendadi.com\/?page_id=808#primaryimage\"},\"image\":{\"@id\":\"https:\/\/www.shendadi.com\/?page_id=808#primaryimage\"},\"thumbnailUrl\":\"https:\/\/www.shendadi.com\/wp-content\/uploads\/2025\/09\/106b9268a807e57f9a1cac16b2589645-1024x742.png\",\"datePublished\":\"2025-09-01T15:40:02+00:00\",\"dateModified\":\"2025-10-12T13:36:50+00:00\",\"breadcrumb\":{\"@id\":\"https:\/\/www.shendadi.com\/?page_id=808#breadcrumb\"},\"inLanguage\":\"zh-Hans\",\"potentialAction\":[{\"@type\":\"ReadAction\",\"target\":[\"https:\/\/www.shendadi.com\/?page_id=808\"]}]},{\"@type\":\"ImageObject\",\"inLanguage\":\"zh-Hans\",\"@id\":\"https:\/\/www.shendadi.com\/?page_id=808#primaryimage\",\"url\":\"https:\/\/www.shendadi.com\/wp-content\/uploads\/2025\/09\/106b9268a807e57f9a1cac16b2589645.png\",\"contentUrl\":\"https:\/\/www.shendadi.com\/wp-content\/uploads\/2025\/09\/106b9268a807e57f9a1cac16b2589645.png\",\"width\":1253,\"height\":908},{\"@type\":\"BreadcrumbList\",\"@id\":\"https:\/\/www.shendadi.com\/?page_id=808#breadcrumb\",\"itemListElement\":[{\"@type\":\"ListItem\",\"position\":1,\"name\":\"\u9996\u9875\",\"item\":\"https:\/\/www.shendadi.com\/\"},{\"@type\":\"ListItem\",\"position\":2,\"name\":\"\u4e13\u4e1a\u56e2\u961f\",\"item\":\"https:\/\/www.shendadi.com\/?page_id=41\"},{\"@type\":\"ListItem\",\"position\":3,\"name\":\"\u738b\u4fdd\u6797\u4e2a\u4eba\u4fe1\u606f\"}]},{\"@type\":\"WebSite\",\"@id\":\"https:\/\/www.shendadi.com\/#website\",\"url\":\"https:\/\/www.shendadi.com\/\",\"name\":\"\u8d8a\u5357\u5927\u5730\u5f8b\u5e08\u6709\u9650\u516c\u53f8\",\"description\":\"\u4e2d\u56fd\u4eba\u81ea\u5df1\u7684\u5f8b\u6240\",\"potentialAction\":[{\"@type\":\"SearchAction\",\"target\":{\"@type\":\"EntryPoint\",\"urlTemplate\":\"https:\/\/www.shendadi.com\/?s={search_term_string}\"},\"query-input\":{\"@type\":\"PropertyValueSpecification\",\"valueRequired\":true,\"valueName\":\"search_term_string\"}}],\"inLanguage\":\"zh-Hans\"}]}<\/script>\n<!-- \/ Yoast SEO plugin. -->","yoast_head_json":{"title":"\u738b\u4fdd\u6797\u4e2a\u4eba\u4fe1\u606f - \u8d8a\u5357\u5927\u5730\u5f8b\u5e08\u6709\u9650\u516c\u53f8","robots":{"index":"index","follow":"follow","max-snippet":"max-snippet:-1","max-image-preview":"max-image-preview:large","max-video-preview":"max-video-preview:-1"},"canonical":"https:\/\/www.shendadi.com\/?page_id=808","og_locale":"zh_CN","og_type":"article","og_title":"\u738b\u4fdd\u6797\u4e2a\u4eba\u4fe1\u606f - \u8d8a\u5357\u5927\u5730\u5f8b\u5e08\u6709\u9650\u516c\u53f8","og_description":"\u738b\u4fdd\u6797\u5f8b\u5e08\u00a0 \u00a0\u8de8\u5883\u6c11\u5546\u4e8b\u6cd5\u5f8b\u4e8b\u52a1\u4e13\u5bb6 Lu\u1eadt s\u01b0 \u00a0WANG BAO LIN (V\u01b0\u01a1ng B\u1ea3o L\u00e2 [&hellip;]","og_url":"https:\/\/www.shendadi.com\/?page_id=808","og_site_name":"\u8d8a\u5357\u5927\u5730\u5f8b\u5e08\u6709\u9650\u516c\u53f8","article_modified_time":"2025-10-12T13:36:50+00:00","og_image":[{"width":1253,"height":908,"url":"https:\/\/www.shendadi.com\/wp-content\/uploads\/2025\/09\/106b9268a807e57f9a1cac16b2589645.png","type":"image\/png"}],"twitter_card":"summary_large_image","twitter_misc":{"\u9884\u8ba1\u9605\u8bfb\u65f6\u95f4":"2 \u5206"},"schema":{"@context":"https:\/\/schema.org","@graph":[{"@type":"WebPage","@id":"https:\/\/www.shendadi.com\/?page_id=808","url":"https:\/\/www.shendadi.com\/?page_id=808","name":"\u738b\u4fdd\u6797\u4e2a\u4eba\u4fe1\u606f - \u8d8a\u5357\u5927\u5730\u5f8b\u5e08\u6709\u9650\u516c\u53f8","isPartOf":{"@id":"https:\/\/www.shendadi.com\/#website"},"primaryImageOfPage":{"@id":"https:\/\/www.shendadi.com\/?page_id=808#primaryimage"},"image":{"@id":"https:\/\/www.shendadi.com\/?page_id=808#primaryimage"},"thumbnailUrl":"https:\/\/www.shendadi.com\/wp-content\/uploads\/2025\/09\/106b9268a807e57f9a1cac16b2589645-1024x742.png","datePublished":"2025-09-01T15:40:02+00:00","dateModified":"2025-10-12T13:36:50+00:00","breadcrumb":{"@id":"https:\/\/www.shendadi.com\/?page_id=808#breadcrumb"},"inLanguage":"zh-Hans","potentialAction":[{"@type":"ReadAction","target":["https:\/\/www.shendadi.com\/?page_id=808"]}]},{"@type":"ImageObject","inLanguage":"zh-Hans","@id":"https:\/\/www.shendadi.com\/?page_id=808#primaryimage","url":"https:\/\/www.shendadi.com\/wp-content\/uploads\/2025\/09\/106b9268a807e57f9a1cac16b2589645.png","contentUrl":"https:\/\/www.shendadi.com\/wp-content\/uploads\/2025\/09\/106b9268a807e57f9a1cac16b2589645.png","width":1253,"height":908},{"@type":"BreadcrumbList","@id":"https:\/\/www.shendadi.com\/?page_id=808#breadcrumb","itemListElement":[{"@type":"ListItem","position":1,"name":"\u9996\u9875","item":"https:\/\/www.shendadi.com\/"},{"@type":"ListItem","position":2,"name":"\u4e13\u4e1a\u56e2\u961f","item":"https:\/\/www.shendadi.com\/?page_id=41"},{"@type":"ListItem","position":3,"name":"\u738b\u4fdd\u6797\u4e2a\u4eba\u4fe1\u606f"}]},{"@type":"WebSite","@id":"https:\/\/www.shendadi.com\/#website","url":"https:\/\/www.shendadi.com\/","name":"\u8d8a\u5357\u5927\u5730\u5f8b\u5e08\u6709\u9650\u516c\u53f8","description":"\u4e2d\u56fd\u4eba\u81ea\u5df1\u7684\u5f8b\u6240","potentialAction":[{"@type":"SearchAction","target":{"@type":"EntryPoint","urlTemplate":"https:\/\/www.shendadi.com\/?s={search_term_string}"},"query-input":{"@type":"PropertyValueSpecification","valueRequired":true,"valueName":"search_term_string"}}],"inLanguage":"zh-Hans"}]}},"_links":{"self":[{"href":"https:\/\/www.shendadi.com\/index.php?rest_route=\/wp\/v2\/pages\/808","targetHints":{"allow":["GET"]}}],"collection":[{"href":"https:\/\/www.shendadi.com\/index.php?rest_route=\/wp\/v2\/pages"}],"about":[{"href":"https:\/\/www.shendadi.com\/index.php?rest_route=\/wp\/v2\/types\/page"}],"author":[{"embeddable":true,"href":"https:\/\/www.shendadi.com\/index.php?rest_route=\/wp\/v2\/users\/1"}],"replies":[{"embeddable":true,"href":"https:\/\/www.shendadi.com\/index.php?rest_route=%2Fwp%2Fv2%2Fcomments&post=808"}],"version-history":[{"count":25,"href":"https:\/\/www.shendadi.com\/index.php?rest_route=\/wp\/v2\/pages\/808\/revisions"}],"predecessor-version":[{"id":1242,"href":"https:\/\/www.shendadi.com\/index.php?rest_route=\/wp\/v2\/pages\/808\/revisions\/1242"}],"up":[{"embeddable":true,"href":"https:\/\/www.shendadi.com\/index.php?rest_route=\/wp\/v2\/pages\/41"}],"wp:attachment":[{"href":"https:\/\/www.shendadi.com\/index.php?rest_route=%2Fwp%2Fv2%2Fmedia&parent=808"}],"curies":[{"name":"wp","href":"https:\/\/api.w.org\/{rel}","templated":true}]}}