{"id":1126,"date":"2025-09-10T23:24:07","date_gmt":"2025-09-10T15:24:07","guid":{"rendered":"https:\/\/www.shendadi.com\/?page_id=1126"},"modified":"2025-10-12T21:31:29","modified_gmt":"2025-10-12T13:31:29","slug":"%e9%ab%98%e9%91%ab%e4%b8%aa%e4%ba%ba%e4%bf%a1%e6%81%af","status":"publish","type":"page","link":"https:\/\/www.shendadi.com\/?page_id=1126","title":{"rendered":"\u9ad8\u946b\u4e2a\u4eba\u4fe1\u606f"},"content":{"rendered":"\t\t<div data-elementor-type=\"wp-page\" data-elementor-id=\"1126\" class=\"elementor elementor-1126\">\n\t\t\t\t<div class=\"elementor-element elementor-element-8b4df67 e-con-full e-flex e-con e-parent\" data-id=\"8b4df67\" data-element_type=\"container\">\n\t\t<div class=\"elementor-element elementor-element-dda3dac e-flex e-con-boxed e-con e-child\" data-id=\"dda3dac\" data-element_type=\"container\">\n\t\t\t\t\t<div class=\"e-con-inner\">\n\t\t\t\t<div class=\"elementor-element elementor-element-7aefdbb elementor-widget__width-initial elementor-widget elementor-widget-image\" data-id=\"7aefdbb\" data-element_type=\"widget\" data-widget_type=\"image.default\">\n\t\t\t\t<div class=\"elementor-widget-container\">\n\t\t\t\t\t\t\t\t\t\t\t\t\t\t\t<img decoding=\"async\" src=\"https:\/\/www.shendadi.com\/wp-content\/uploads\/elementor\/thumbs\/1-rbk1785s0l6xe8lfw2c3x9k86mfjrswmz0xhl6sqo0.jpg\" title=\")(1)\" alt=\")(1)\" loading=\"lazy\" \/>\t\t\t\t\t\t\t\t\t\t\t\t\t\t\t<\/div>\n\t\t\t\t<\/div>\n\t\t\t\t<div class=\"elementor-element elementor-element-e5ed694 elementor-widget elementor-widget-text-editor\" data-id=\"e5ed694\" data-element_type=\"widget\" data-widget_type=\"text-editor.default\">\n\t\t\t\t<div class=\"elementor-widget-container\">\n\t\t\t\t\t\t\t\t\t<h2 style=\"text-align: left;\">\u9ad8\u946b\u5f8b\u5e08\u00a0<\/h2>\t\t\t\t\t\t\t\t<\/div>\n\t\t\t\t<\/div>\n\t\t\t\t<div class=\"elementor-element elementor-element-d5d247d elementor-widget elementor-widget-text-editor\" data-id=\"d5d247d\" data-element_type=\"widget\" data-widget_type=\"text-editor.default\">\n\t\t\t\t<div class=\"elementor-widget-container\">\n\t\t\t\t\t\t\t\t\t<p><strong><b>Lu\u1eadt s\u01b0 <\/b><\/strong><strong><b>\u00a0GAO XIN<\/b><\/strong><\/p>\t\t\t\t\t\t\t\t<\/div>\n\t\t\t\t<\/div>\n\t\t\t\t<div class=\"elementor-element elementor-element-b179870 elementor-widget elementor-widget-text-editor\" data-id=\"b179870\" data-element_type=\"widget\" data-widget_type=\"text-editor.default\">\n\t\t\t\t<div class=\"elementor-widget-container\">\n\t\t\t\t\t\t\t\t\t<p>\u5e7f\u4e1c\u6df1\u5927\u5730\u5f8b\u5e08\u4e8b\u52a1\u6240\u5408\u4f19\u4eba\u5f8b\u5e08<\/p>\t\t\t\t\t\t\t\t<\/div>\n\t\t\t\t<\/div>\n\t\t\t\t<div class=\"elementor-element elementor-element-bb08f3b elementor-widget__width-initial elementor-widget elementor-widget-text-editor\" data-id=\"bb08f3b\" data-element_type=\"widget\" data-widget_type=\"text-editor.default\">\n\t\t\t\t<div class=\"elementor-widget-container\">\n\t\t\t\t\t\t\t\t\t<p>\u5177\u6709\u53f8\u6cd5\u673a\u5173\u53ca\u4e92\u8054\u7f51\u91d1\u878d\u884c\u4e1a\u4ece\u4e1a\u7ecf\u5386\uff0c\u64c5\u957f\u9886\u57df\u5305\u62ec\u4f01\u4e1a\u6cd5\u5f8b\u987e\u95ee\u3001\u4f01\u4e1a\u5e76\u8d2d\u3001\u9879\u76ee\u6295\u8d44\uff0c\u91d1\u878d\u673a\u6784\u503a\u6743\u5904\u7f6e\u7ea0\u7eb7\u7b49\u5546\u4e8b\u8bc9\u8bbc\u4e0e\u975e\u8bc9\u6cd5\u5f8b\u670d\u52a1\u3002\u6267\u4e1a\u4ee5\u6765\uff0c\u5df2\u4e3a\u5305\u62ec\u56fd\u6709\u4f01\u4e1a\u3001\u9ad8\u65b0\u6280\u672f\u4f01\u4e1a\u3001\u4e13\u7cbe\u7279\u65b0\u4f01\u4e1a\u5728\u5185\u7684\u591a\u5bb6\u5546\u4e8b\u4e3b\u4f53\u63d0\u4f9b\u5e38\u5e74\u6cd5\u5f8b\u987e\u95ee\u670d\u52a1\uff0c\u4e3b\u8981\u4ece\u4e8b\u6c11\u5546\u4e8b\u6cd5\u5f8b\u54a8\u8be2\u3001\u4e13\u9879\u6cd5\u5f8b\u670d\u52a1\u3001\u6c11\u5546\u4e8b\u6848\u4ef6\u7684\u8bc9\u8bbc\u3001\u4ef2\u88c1\u4ee3\u7406\uff0c\u5177\u6709\u4e30\u5bcc\u7684\u8bc9\u8bbc\u53ca\u975e\u8bc9\u6cd5\u5f8b\u4e8b\u52a1\u7ecf\u9a8c\u3002<\/p>\t\t\t\t\t\t\t\t<\/div>\n\t\t\t\t<\/div>\n\t\t\t\t<div class=\"elementor-element elementor-element-c253759 elementor-widget__width-initial elementor-widget elementor-widget-text-editor\" data-id=\"c253759\" data-element_type=\"widget\" data-widget_type=\"text-editor.default\">\n\t\t\t\t<div class=\"elementor-widget-container\">\n\t\t\t\t\t\t\t\t\t<p><strong>L\u00e0 lu\u1eadt s\u01b0 \u0111\u00f4\u0301i ta\u0301c\u00a0t\u1ea1i C\u00f4ng ty Lu\u1eadt Shendadi \u00a0(Th\u00e2m \u0110\u1ea1i \u0110\u1ecba ) Qu\u1ea3ng \u0110\u00f4ng\u00a0, \u00f4ng c\u00f3 kinh nghi\u1ec7m l\u00e0m vi\u1ec7c t\u1ea1i c\u01a1 quan t\u01b0 ph\u00e1p v\u00e0 ng\u00e0nh t\u00e0i ch\u00ednh Internet. C\u00e1c l\u0129nh v\u1ef1c chuy\u00ean m\u00f4n bao g\u1ed3m: t\u01b0 v\u1ea5n ph\u00e1p l\u00fd doanh nghi\u1ec7p, s\u00e1p nh\u1eadp v\u00e0 mua l\u1ea1i doanh nghi\u1ec7p, \u0111\u1ea7u t\u01b0 d\u1ef1 \u00e1n, x\u1eed l\u00fd tranh ch\u1ea5p n\u1ee3 c\u1ee7a c\u00e1c t\u1ed5 ch\u1ee9c t\u00e0i ch\u00ednh, c\u00f9ng v\u1edbi c\u00e1c d\u1ecbch v\u1ee5 ph\u00e1p l\u00fd tranh t\u1ee5ng v\u00e0 phi tranh t\u1ee5ng trong l\u0129nh v\u1ef1c th\u01b0\u01a1ng m\u1ea1i.<\/strong><\/p><p><strong>K\u1ec3 t\u1eeb khi h\u00e0nh ngh\u1ec1, \u00f4ng \u0111\u00e3 cung c\u1ea5p d\u1ecbch v\u1ee5 t\u01b0 v\u1ea5n ph\u00e1p l\u00fd th\u01b0\u1eddng xuy\u00ean cho nhi\u1ec1u t\u1ed5 ch\u1ee9c th\u01b0\u01a1ng m\u1ea1i, bao g\u1ed3m doanh nghi\u1ec7p nh\u00e0 n\u01b0\u1edbc, doanh nghi\u1ec7p c\u00f4ng ngh\u1ec7 cao v\u00e0 doanh nghi\u1ec7p \u00a0chuy\u00ean ngha\u0300nh\u00a0\u0111\u1eb7c bi\u1ec7t. \u00d4ng ch\u1ee7 y\u1ebfu th\u1ef1c hi\u1ec7n t\u01b0 v\u1ea5n ph\u00e1p lu\u1eadt d\u00e2n s\u1ef1 \u2013 th\u01b0\u01a1ng m\u1ea1i, d\u1ecbch v\u1ee5 ph\u00e1p l\u00fd chuy\u00ean \u0111\u1ec1, \u0111\u1ea1i di\u1ec7n t\u1ed1 t\u1ee5ng v\u00e0 tr\u1ecdng t\u00e0i trong c\u00e1c v\u1ee5 vi\u1ec7c d\u00e2n s\u1ef1 \u2013 th\u01b0\u01a1ng m\u1ea1i, v\u1edbi kinh nghi\u1ec7m phong ph\u00fa trong c\u1ea3 ho\u1ea1t \u0111\u1ed9ng ph\u00e1p l\u00fd tranh t\u1ee5ng v\u00e0 phi tranh t\u1ee5ng.<\/strong><\/p><p>\u00a0<\/p>\t\t\t\t\t\t\t\t<\/div>\n\t\t\t\t<\/div>\n\t\t\t\t\t<\/div>\n\t\t\t\t<\/div>\n\t\t\t\t<\/div>\n\t\t<div class=\"elementor-element elementor-element-41e2f2b e-flex e-con-boxed e-con e-parent\" data-id=\"41e2f2b\" data-element_type=\"container\">\n\t\t\t\t\t<div class=\"e-con-inner\">\n\t\t\t\t\t<\/div>\n\t\t\t\t<\/div>\n\t\t\t\t<\/div>\n\t\t","protected":false},"excerpt":{"rendered":"<p>\u9ad8\u946b\u5f8b\u5e08\u00a0 Lu\u1eadt s\u01b0 \u00a0GAO XIN \u5e7f\u4e1c\u6df1\u5927\u5730\u5f8b\u5e08\u4e8b\u52a1\u6240\u5408\u4f19\u4eba\u5f8b\u5e08 \u5177\u6709\u53f8\u6cd5\u673a\u5173\u53ca\u4e92\u8054\u7f51\u91d1\u878d\u884c\u4e1a\u4ece\u4e1a [&hellip;]<\/p>\n","protected":false},"author":1,"featured_media":0,"parent":41,"menu_order":0,"comment_status":"closed","ping_status":"closed","template":"elementor_header_footer","meta":{"_eb_attr":"","footnotes":""},"class_list":["post-1126","page","type-page","status-publish","hentry"],"yoast_head":"<!-- This site is optimized with the Yoast SEO plugin v26.2 - https:\/\/yoast.com\/wordpress\/plugins\/seo\/ -->\n<title>\u9ad8\u946b\u4e2a\u4eba\u4fe1\u606f - \u8d8a\u5357\u5927\u5730\u5f8b\u5e08\u6709\u9650\u516c\u53f8<\/title>\n<meta name=\"robots\" content=\"index, follow, max-snippet:-1, max-image-preview:large, max-video-preview:-1\" \/>\n<link rel=\"canonical\" href=\"https:\/\/www.shendadi.com\/?page_id=1126\" \/>\n<meta property=\"og:locale\" content=\"zh_CN\" \/>\n<meta property=\"og:type\" content=\"article\" \/>\n<meta property=\"og:title\" content=\"\u9ad8\u946b\u4e2a\u4eba\u4fe1\u606f - \u8d8a\u5357\u5927\u5730\u5f8b\u5e08\u6709\u9650\u516c\u53f8\" \/>\n<meta property=\"og:description\" content=\"\u9ad8\u946b\u5f8b\u5e08\u00a0 Lu\u1eadt s\u01b0 \u00a0GAO XIN \u5e7f\u4e1c\u6df1\u5927\u5730\u5f8b\u5e08\u4e8b\u52a1\u6240\u5408\u4f19\u4eba\u5f8b\u5e08 \u5177\u6709\u53f8\u6cd5\u673a\u5173\u53ca\u4e92\u8054\u7f51\u91d1\u878d\u884c\u4e1a\u4ece\u4e1a [&hellip;]\" \/>\n<meta property=\"og:url\" content=\"https:\/\/www.shendadi.com\/?page_id=1126\" \/>\n<meta property=\"og:site_name\" content=\"\u8d8a\u5357\u5927\u5730\u5f8b\u5e08\u6709\u9650\u516c\u53f8\" \/>\n<meta property=\"article:modified_time\" content=\"2025-10-12T13:31:29+00:00\" \/>\n<meta property=\"og:image\" content=\"https:\/\/www.shendadi.com\/wp-content\/uploads\/elementor\/thumbs\/1-rbk1785s0l6xe8lfw2c3x9k86mfjrswmz0xhl6sqo0.jpg\" \/>\n<meta name=\"twitter:card\" content=\"summary_large_image\" \/>\n<meta name=\"twitter:label1\" content=\"\u9884\u8ba1\u9605\u8bfb\u65f6\u95f4\" \/>\n\t<meta name=\"twitter:data1\" content=\"1 \u5206\" \/>\n<script type=\"application\/ld+json\" class=\"yoast-schema-graph\">{\"@context\":\"https:\/\/schema.org\",\"@graph\":[{\"@type\":\"WebPage\",\"@id\":\"https:\/\/www.shendadi.com\/?page_id=1126\",\"url\":\"https:\/\/www.shendadi.com\/?page_id=1126\",\"name\":\"\u9ad8\u946b\u4e2a\u4eba\u4fe1\u606f - \u8d8a\u5357\u5927\u5730\u5f8b\u5e08\u6709\u9650\u516c\u53f8\",\"isPartOf\":{\"@id\":\"https:\/\/www.shendadi.com\/#website\"},\"primaryImageOfPage\":{\"@id\":\"https:\/\/www.shendadi.com\/?page_id=1126#primaryimage\"},\"image\":{\"@id\":\"https:\/\/www.shendadi.com\/?page_id=1126#primaryimage\"},\"thumbnailUrl\":\"https:\/\/www.shendadi.com\/wp-content\/uploads\/elementor\/thumbs\/1-rbk1785s0l6xe8lfw2c3x9k86mfjrswmz0xhl6sqo0.jpg\",\"datePublished\":\"2025-09-10T15:24:07+00:00\",\"dateModified\":\"2025-10-12T13:31:29+00:00\",\"breadcrumb\":{\"@id\":\"https:\/\/www.shendadi.com\/?page_id=1126#breadcrumb\"},\"inLanguage\":\"zh-Hans\",\"potentialAction\":[{\"@type\":\"ReadAction\",\"target\":[\"https:\/\/www.shendadi.com\/?page_id=1126\"]}]},{\"@type\":\"ImageObject\",\"inLanguage\":\"zh-Hans\",\"@id\":\"https:\/\/www.shendadi.com\/?page_id=1126#primaryimage\",\"url\":\"https:\/\/www.shendadi.com\/wp-content\/uploads\/elementor\/thumbs\/1-rbk1785s0l6xe8lfw2c3x9k86mfjrswmz0xhl6sqo0.jpg\",\"contentUrl\":\"https:\/\/www.shendadi.com\/wp-content\/uploads\/elementor\/thumbs\/1-rbk1785s0l6xe8lfw2c3x9k86mfjrswmz0xhl6sqo0.jpg\"},{\"@type\":\"BreadcrumbList\",\"@id\":\"https:\/\/www.shendadi.com\/?page_id=1126#breadcrumb\",\"itemListElement\":[{\"@type\":\"ListItem\",\"position\":1,\"name\":\"\u9996\u9875\",\"item\":\"https:\/\/www.shendadi.com\/\"},{\"@type\":\"ListItem\",\"position\":2,\"name\":\"\u4e13\u4e1a\u56e2\u961f\",\"item\":\"https:\/\/www.shendadi.com\/?page_id=41\"},{\"@type\":\"ListItem\",\"position\":3,\"name\":\"\u9ad8\u946b\u4e2a\u4eba\u4fe1\u606f\"}]},{\"@type\":\"WebSite\",\"@id\":\"https:\/\/www.shendadi.com\/#website\",\"url\":\"https:\/\/www.shendadi.com\/\",\"name\":\"\u8d8a\u5357\u5927\u5730\u5f8b\u5e08\u6709\u9650\u516c\u53f8\",\"description\":\"\u4e2d\u56fd\u4eba\u81ea\u5df1\u7684\u5f8b\u6240\",\"potentialAction\":[{\"@type\":\"SearchAction\",\"target\":{\"@type\":\"EntryPoint\",\"urlTemplate\":\"https:\/\/www.shendadi.com\/?s={search_term_string}\"},\"query-input\":{\"@type\":\"PropertyValueSpecification\",\"valueRequired\":true,\"valueName\":\"search_term_string\"}}],\"inLanguage\":\"zh-Hans\"}]}<\/script>\n<!-- \/ Yoast SEO plugin. -->","yoast_head_json":{"title":"\u9ad8\u946b\u4e2a\u4eba\u4fe1\u606f - \u8d8a\u5357\u5927\u5730\u5f8b\u5e08\u6709\u9650\u516c\u53f8","robots":{"index":"index","follow":"follow","max-snippet":"max-snippet:-1","max-image-preview":"max-image-preview:large","max-video-preview":"max-video-preview:-1"},"canonical":"https:\/\/www.shendadi.com\/?page_id=1126","og_locale":"zh_CN","og_type":"article","og_title":"\u9ad8\u946b\u4e2a\u4eba\u4fe1\u606f - \u8d8a\u5357\u5927\u5730\u5f8b\u5e08\u6709\u9650\u516c\u53f8","og_description":"\u9ad8\u946b\u5f8b\u5e08\u00a0 Lu\u1eadt s\u01b0 \u00a0GAO XIN \u5e7f\u4e1c\u6df1\u5927\u5730\u5f8b\u5e08\u4e8b\u52a1\u6240\u5408\u4f19\u4eba\u5f8b\u5e08 \u5177\u6709\u53f8\u6cd5\u673a\u5173\u53ca\u4e92\u8054\u7f51\u91d1\u878d\u884c\u4e1a\u4ece\u4e1a [&hellip;]","og_url":"https:\/\/www.shendadi.com\/?page_id=1126","og_site_name":"\u8d8a\u5357\u5927\u5730\u5f8b\u5e08\u6709\u9650\u516c\u53f8","article_modified_time":"2025-10-12T13:31:29+00:00","og_image":[{"url":"https:\/\/www.shendadi.com\/wp-content\/uploads\/elementor\/thumbs\/1-rbk1785s0l6xe8lfw2c3x9k86mfjrswmz0xhl6sqo0.jpg","type":"","width":"","height":""}],"twitter_card":"summary_large_image","twitter_misc":{"\u9884\u8ba1\u9605\u8bfb\u65f6\u95f4":"1 \u5206"},"schema":{"@context":"https:\/\/schema.org","@graph":[{"@type":"WebPage","@id":"https:\/\/www.shendadi.com\/?page_id=1126","url":"https:\/\/www.shendadi.com\/?page_id=1126","name":"\u9ad8\u946b\u4e2a\u4eba\u4fe1\u606f - \u8d8a\u5357\u5927\u5730\u5f8b\u5e08\u6709\u9650\u516c\u53f8","isPartOf":{"@id":"https:\/\/www.shendadi.com\/#website"},"primaryImageOfPage":{"@id":"https:\/\/www.shendadi.com\/?page_id=1126#primaryimage"},"image":{"@id":"https:\/\/www.shendadi.com\/?page_id=1126#primaryimage"},"thumbnailUrl":"https:\/\/www.shendadi.com\/wp-content\/uploads\/elementor\/thumbs\/1-rbk1785s0l6xe8lfw2c3x9k86mfjrswmz0xhl6sqo0.jpg","datePublished":"2025-09-10T15:24:07+00:00","dateModified":"2025-10-12T13:31:29+00:00","breadcrumb":{"@id":"https:\/\/www.shendadi.com\/?page_id=1126#breadcrumb"},"inLanguage":"zh-Hans","potentialAction":[{"@type":"ReadAction","target":["https:\/\/www.shendadi.com\/?page_id=1126"]}]},{"@type":"ImageObject","inLanguage":"zh-Hans","@id":"https:\/\/www.shendadi.com\/?page_id=1126#primaryimage","url":"https:\/\/www.shendadi.com\/wp-content\/uploads\/elementor\/thumbs\/1-rbk1785s0l6xe8lfw2c3x9k86mfjrswmz0xhl6sqo0.jpg","contentUrl":"https:\/\/www.shendadi.com\/wp-content\/uploads\/elementor\/thumbs\/1-rbk1785s0l6xe8lfw2c3x9k86mfjrswmz0xhl6sqo0.jpg"},{"@type":"BreadcrumbList","@id":"https:\/\/www.shendadi.com\/?page_id=1126#breadcrumb","itemListElement":[{"@type":"ListItem","position":1,"name":"\u9996\u9875","item":"https:\/\/www.shendadi.com\/"},{"@type":"ListItem","position":2,"name":"\u4e13\u4e1a\u56e2\u961f","item":"https:\/\/www.shendadi.com\/?page_id=41"},{"@type":"ListItem","position":3,"name":"\u9ad8\u946b\u4e2a\u4eba\u4fe1\u606f"}]},{"@type":"WebSite","@id":"https:\/\/www.shendadi.com\/#website","url":"https:\/\/www.shendadi.com\/","name":"\u8d8a\u5357\u5927\u5730\u5f8b\u5e08\u6709\u9650\u516c\u53f8","description":"\u4e2d\u56fd\u4eba\u81ea\u5df1\u7684\u5f8b\u6240","potentialAction":[{"@type":"SearchAction","target":{"@type":"EntryPoint","urlTemplate":"https:\/\/www.shendadi.com\/?s={search_term_string}"},"query-input":{"@type":"PropertyValueSpecification","valueRequired":true,"valueName":"search_term_string"}}],"inLanguage":"zh-Hans"}]}},"_links":{"self":[{"href":"https:\/\/www.shendadi.com\/index.php?rest_route=\/wp\/v2\/pages\/1126","targetHints":{"allow":["GET"]}}],"collection":[{"href":"https:\/\/www.shendadi.com\/index.php?rest_route=\/wp\/v2\/pages"}],"about":[{"href":"https:\/\/www.shendadi.com\/index.php?rest_route=\/wp\/v2\/types\/page"}],"author":[{"embeddable":true,"href":"https:\/\/www.shendadi.com\/index.php?rest_route=\/wp\/v2\/users\/1"}],"replies":[{"embeddable":true,"href":"https:\/\/www.shendadi.com\/index.php?rest_route=%2Fwp%2Fv2%2Fcomments&post=1126"}],"version-history":[{"count":10,"href":"https:\/\/www.shendadi.com\/index.php?rest_route=\/wp\/v2\/pages\/1126\/revisions"}],"predecessor-version":[{"id":1218,"href":"https:\/\/www.shendadi.com\/index.php?rest_route=\/wp\/v2\/pages\/1126\/revisions\/1218"}],"up":[{"embeddable":true,"href":"https:\/\/www.shendadi.com\/index.php?rest_route=\/wp\/v2\/pages\/41"}],"wp:attachment":[{"href":"https:\/\/www.shendadi.com\/index.php?rest_route=%2Fwp%2Fv2%2Fmedia&parent=1126"}],"curies":[{"name":"wp","href":"https:\/\/api.w.org\/{rel}","templated":true}]}}